{"id":4173,"date":"2021-11-09T11:41:45","date_gmt":"2021-11-09T11:41:45","guid":{"rendered":"https:\/\/becreative.ee\/?post_type=product&#038;p=4173"},"modified":"2026-01-14T13:04:58","modified_gmt":"2026-01-14T13:04:58","slug":"satiinpael-25mm-1m","status":"publish","type":"product","link":"https:\/\/becreative.ee\/en\/product\/satiinpael-25mm-1m\/","title":{"rendered":"Satiinpael 25mm 1m"},"content":{"rendered":"<p>Kuny uued NewLife satiinpaelad on toodetud eelk\u00f5ige m\u00f5eldes keskkonna kaitsele ja valmistatud 100% taaskasutatud plastikpudelitest. Paela kudumiseks kasutatud l\u00f5ng omab GRS ning Oeko Texi standartit. Paela laius on 25mm. Valmistatud 100% taaskasutatud pol\u00fcestrist. Paela pikkus 1m. Tellides peale 2 v\u00f5i enam meetrit on pael \u00fches t\u00fckkis.<\/p>","protected":false},"excerpt":{"rendered":"<p>Kuny uued NewLife satiinpaelad on toodetud eelk\u00f5ige m\u00f5eldes keskkonna kaitsele ja valmistatud 100% taaskasutatud plastikpudelitest. Paela kudumiseks kasutatud l\u00f5ng omab GRS ning Oeko Texi standartit. Paela laius on 25mm. Valmistatud 100% taaskasutatud pol\u00fcestrist. Paela pikkus 1m. Tellides peale 2 v\u00f5i enam meetrit on pael \u00fches t\u00fckkis.<\/p>","protected":false},"featured_media":4182,"template":"","meta":[],"product_brand":[],"product_cat":[263,279,952,932,953,1193],"product_tag":[],"class_list":{"0":"post-4173","1":"product","2":"type-product","3":"status-publish","4":"has-post-thumbnail","6":"product_cat-brandid","7":"product_cat-kasitooks-vajalik","8":"product_cat-kuny","9":"product_cat-omblemine","10":"product_cat-pael","11":"product_cat-paelad","13":"first","14":"instock","15":"taxable","16":"shipping-taxable","17":"purchasable","18":"product-type-variable"},"jetpack_sharing_enabled":true,"_links":{"self":[{"href":"https:\/\/becreative.ee\/en\/wp-json\/wp\/v2\/product\/4173","targetHints":{"allow":["GET"]}}],"collection":[{"href":"https:\/\/becreative.ee\/en\/wp-json\/wp\/v2\/product"}],"about":[{"href":"https:\/\/becreative.ee\/en\/wp-json\/wp\/v2\/types\/product"}],"version-history":[{"count":2,"href":"https:\/\/becreative.ee\/en\/wp-json\/wp\/v2\/product\/4173\/revisions"}],"predecessor-version":[{"id":4183,"href":"https:\/\/becreative.ee\/en\/wp-json\/wp\/v2\/product\/4173\/revisions\/4183"}],"wp:featuredmedia":[{"embeddable":true,"href":"https:\/\/becreative.ee\/en\/wp-json\/wp\/v2\/media\/4182"}],"wp:attachment":[{"href":"https:\/\/becreative.ee\/en\/wp-json\/wp\/v2\/media?parent=4173"}],"wp:term":[{"taxonomy":"product_brand","embeddable":true,"href":"https:\/\/becreative.ee\/en\/wp-json\/wp\/v2\/product_brand?post=4173"},{"taxonomy":"product_cat","embeddable":true,"href":"https:\/\/becreative.ee\/en\/wp-json\/wp\/v2\/product_cat?post=4173"},{"taxonomy":"product_tag","embeddable":true,"href":"https:\/\/becreative.ee\/en\/wp-json\/wp\/v2\/product_tag?post=4173"}],"curies":[{"name":"wp","href":"https:\/\/api.w.org\/{rel}","templated":true}]}}