{"id":4220,"date":"2021-11-15T19:33:51","date_gmt":"2021-11-15T19:33:51","guid":{"rendered":"https:\/\/becreative.ee\/?post_type=product&#038;p=4220"},"modified":"2021-11-15T19:33:51","modified_gmt":"2021-11-15T19:33:51","slug":"kasitoo-joonlaud-3x30cm","status":"publish","type":"product","link":"https:\/\/becreative.ee\/en\/product\/kasitoo-joonlaud-3x30cm\/","title":{"rendered":"K\u00e4sit\u00f6\u00f6 joonlaud 3x30cm"},"content":{"rendered":"<p>Joonlaud on valmistatud kriimustuskindlast ja kuumakindlast plastikust. L\u00e4bipaistval joonlaual on musta ja kollasega ruudustik. T\u00e4nu sellel on joonlaua jooned h\u00e4sti n\u00e4htavad nii tumedal kui ka heledal kangal. Joonlaua keskel asub sentimeetrite skaala. Joonlaud abistab igasuguses kanga l\u00f5ikuses, kuid eriti tihti leiab see kasutamist lapit\u00f6\u00f6d tehes.<\/p>","protected":false},"excerpt":{"rendered":"<p>Joonlaud on valmistatud kriimustuskindlast ja kuumakindlast plastikust. L\u00e4bipaistval joonlaual on musta ja kollasega ruudustik. T\u00e4nu sellel on joonlaua jooned h\u00e4sti n\u00e4htavad nii tumedal kui ka heledal kangal. Joonlaua keskel asub sentimeetrite skaala. Joonlaud abistab igasuguses kanga l\u00f5ikuses, kuid eriti tihti leiab see kasutamist lapit\u00f6\u00f6d tehes.<\/p>","protected":false},"featured_media":4221,"template":"","meta":[],"product_brand":[],"product_cat":[263,958,932,272],"product_tag":[],"class_list":{"0":"post-4220","1":"product","2":"type-product","3":"status-publish","4":"has-post-thumbnail","6":"product_cat-brandid","7":"product_cat-mootevahendid","8":"product_cat-omblemine","9":"product_cat-prym","11":"first","12":"instock","13":"taxable","14":"shipping-taxable","15":"purchasable","16":"product-type-simple"},"jetpack_sharing_enabled":true,"_links":{"self":[{"href":"https:\/\/becreative.ee\/en\/wp-json\/wp\/v2\/product\/4220","targetHints":{"allow":["GET"]}}],"collection":[{"href":"https:\/\/becreative.ee\/en\/wp-json\/wp\/v2\/product"}],"about":[{"href":"https:\/\/becreative.ee\/en\/wp-json\/wp\/v2\/types\/product"}],"version-history":[{"count":1,"href":"https:\/\/becreative.ee\/en\/wp-json\/wp\/v2\/product\/4220\/revisions"}],"predecessor-version":[{"id":4223,"href":"https:\/\/becreative.ee\/en\/wp-json\/wp\/v2\/product\/4220\/revisions\/4223"}],"wp:featuredmedia":[{"embeddable":true,"href":"https:\/\/becreative.ee\/en\/wp-json\/wp\/v2\/media\/4221"}],"wp:attachment":[{"href":"https:\/\/becreative.ee\/en\/wp-json\/wp\/v2\/media?parent=4220"}],"wp:term":[{"taxonomy":"product_brand","embeddable":true,"href":"https:\/\/becreative.ee\/en\/wp-json\/wp\/v2\/product_brand?post=4220"},{"taxonomy":"product_cat","embeddable":true,"href":"https:\/\/becreative.ee\/en\/wp-json\/wp\/v2\/product_cat?post=4220"},{"taxonomy":"product_tag","embeddable":true,"href":"https:\/\/becreative.ee\/en\/wp-json\/wp\/v2\/product_tag?post=4220"}],"curies":[{"name":"wp","href":"https:\/\/api.w.org\/{rel}","templated":true}]}}