{"id":4224,"date":"2021-11-15T19:41:43","date_gmt":"2021-11-15T19:41:43","guid":{"rendered":"https:\/\/becreative.ee\/?post_type=product&#038;p=4224"},"modified":"2023-02-07T18:40:56","modified_gmt":"2023-02-07T18:40:56","slug":"prym-kangaklambrid","status":"publish","type":"product","link":"https:\/\/becreative.ee\/en\/product\/prym-kangaklambrid\/","title":{"rendered":"Prym kangaklambrid"},"content":{"rendered":"<p>Prym kangaklambrid on suurep\u00e4rane alternatiiv n\u00f6\u00f6pn\u00f5eltele ja eriti kasulikud on need materjalide puhul, mis ei talu aukude tegemist (nahk, vin\u00fc\u00fcl). Pakendis on 12 klambrit.<\/p>","protected":false},"excerpt":{"rendered":"<p>Prym kangaklambrid on suurep\u00e4rane alternatiiv n\u00f6\u00f6pn\u00f5eltele ja eriti kasulikud on need materjalide puhul, mis ei talu aukude tegemist (nahk, vin\u00fc\u00fcl). Pakendis on 12 klambrit.<\/p>","protected":false},"featured_media":4225,"template":"","meta":[],"product_brand":[],"product_cat":[263,933,932,272],"product_tag":[],"class_list":{"0":"post-4224","1":"product","2":"type-product","3":"status-publish","4":"has-post-thumbnail","6":"product_cat-brandid","7":"product_cat-kinnitusvahendid-omblemine","8":"product_cat-omblemine","9":"product_cat-prym","11":"first","12":"instock","13":"taxable","14":"shipping-taxable","15":"purchasable","16":"product-type-simple"},"jetpack_sharing_enabled":true,"_links":{"self":[{"href":"https:\/\/becreative.ee\/en\/wp-json\/wp\/v2\/product\/4224","targetHints":{"allow":["GET"]}}],"collection":[{"href":"https:\/\/becreative.ee\/en\/wp-json\/wp\/v2\/product"}],"about":[{"href":"https:\/\/becreative.ee\/en\/wp-json\/wp\/v2\/types\/product"}],"version-history":[{"count":2,"href":"https:\/\/becreative.ee\/en\/wp-json\/wp\/v2\/product\/4224\/revisions"}],"predecessor-version":[{"id":4228,"href":"https:\/\/becreative.ee\/en\/wp-json\/wp\/v2\/product\/4224\/revisions\/4228"}],"wp:featuredmedia":[{"embeddable":true,"href":"https:\/\/becreative.ee\/en\/wp-json\/wp\/v2\/media\/4225"}],"wp:attachment":[{"href":"https:\/\/becreative.ee\/en\/wp-json\/wp\/v2\/media?parent=4224"}],"wp:term":[{"taxonomy":"product_brand","embeddable":true,"href":"https:\/\/becreative.ee\/en\/wp-json\/wp\/v2\/product_brand?post=4224"},{"taxonomy":"product_cat","embeddable":true,"href":"https:\/\/becreative.ee\/en\/wp-json\/wp\/v2\/product_cat?post=4224"},{"taxonomy":"product_tag","embeddable":true,"href":"https:\/\/becreative.ee\/en\/wp-json\/wp\/v2\/product_tag?post=4224"}],"curies":[{"name":"wp","href":"https:\/\/api.w.org\/{rel}","templated":true}]}}