{"id":4229,"date":"2021-11-15T19:55:10","date_gmt":"2021-11-15T19:55:10","guid":{"rendered":"https:\/\/becreative.ee\/?post_type=product&#038;p=4229"},"modified":"2024-11-11T21:38:51","modified_gmt":"2024-11-11T21:38:51","slug":"prym-silmusehoidja","status":"publish","type":"product","link":"https:\/\/becreative.ee\/en\/product\/prym-silmusehoidja\/","title":{"rendered":"Prym silmusehoidja"},"content":{"rendered":"<p>Prym silmusehoidjad on valmistatud siledast vedruterasest ning l\u00f5nga kaitsmiseks on n\u00f5ela ots tehtud \u00fcmaraks. Silmusehoidja pikkus on 13cm. Pakendis on 2 silmusehoidjat.<\/p>","protected":false},"excerpt":{"rendered":"<p>Prym silmusehoidjad on valmistatud siledast vedruterasest ning l\u00f5nga kaitsmiseks on n\u00f5ela ots tehtud \u00fcmaraks. Silmusehoidja pikkus on 13cm. Pakendis on 2 silmusehoidjat.<\/p>","protected":false},"featured_media":4230,"template":"","meta":[],"product_brand":[],"product_cat":[263,782,784,272],"product_tag":[],"class_list":{"0":"post-4229","1":"product","2":"type-product","3":"status-publish","4":"has-post-thumbnail","6":"product_cat-brandid","7":"product_cat-kudumine","8":"product_cat-kudumise-abivahendid","9":"product_cat-prym","11":"first","12":"instock","13":"taxable","14":"shipping-taxable","15":"purchasable","16":"product-type-simple"},"jetpack_sharing_enabled":true,"_links":{"self":[{"href":"https:\/\/becreative.ee\/en\/wp-json\/wp\/v2\/product\/4229","targetHints":{"allow":["GET"]}}],"collection":[{"href":"https:\/\/becreative.ee\/en\/wp-json\/wp\/v2\/product"}],"about":[{"href":"https:\/\/becreative.ee\/en\/wp-json\/wp\/v2\/types\/product"}],"version-history":[{"count":1,"href":"https:\/\/becreative.ee\/en\/wp-json\/wp\/v2\/product\/4229\/revisions"}],"predecessor-version":[{"id":4232,"href":"https:\/\/becreative.ee\/en\/wp-json\/wp\/v2\/product\/4229\/revisions\/4232"}],"wp:featuredmedia":[{"embeddable":true,"href":"https:\/\/becreative.ee\/en\/wp-json\/wp\/v2\/media\/4230"}],"wp:attachment":[{"href":"https:\/\/becreative.ee\/en\/wp-json\/wp\/v2\/media?parent=4229"}],"wp:term":[{"taxonomy":"product_brand","embeddable":true,"href":"https:\/\/becreative.ee\/en\/wp-json\/wp\/v2\/product_brand?post=4229"},{"taxonomy":"product_cat","embeddable":true,"href":"https:\/\/becreative.ee\/en\/wp-json\/wp\/v2\/product_cat?post=4229"},{"taxonomy":"product_tag","embeddable":true,"href":"https:\/\/becreative.ee\/en\/wp-json\/wp\/v2\/product_tag?post=4229"}],"curies":[{"name":"wp","href":"https:\/\/api.w.org\/{rel}","templated":true}]}}