{"id":4233,"date":"2021-11-16T08:10:25","date_gmt":"2021-11-16T08:10:25","guid":{"rendered":"https:\/\/becreative.ee\/?post_type=product&#038;p=4233"},"modified":"2024-10-29T18:27:47","modified_gmt":"2024-10-29T18:27:47","slug":"aurutamise-alus","status":"publish","type":"product","link":"https:\/\/becreative.ee\/en\/product\/aurutamise-alus\/","title":{"rendered":"Aurutamise alus"},"content":{"rendered":"<p>Prym aurutamise alusel on v\u00f5imalik valminud t\u00f6\u00f6d aurutada, triikida v\u00f5i j\u00e4tta lihtsalt kuivama. See k\u00f5ik oleneb juba eseme l\u00f5ngast ja selle kasutamise juhistest. Mati suuruseks on 70x70cm ning selle alumine osa on valmistatud porolonist. \u00dclemine osa aga talub triikraua kuumust ning on varustatud sentimeetrite skaalaga. Alusel on abistavateks joonteks lisaks ruudustikule ringid ja ovaalid. Alus k\u00e4ib kokku ja seda saab hoida mugavas kotis. Komplekti kuulub, lisaks alusele, veel 40 n\u00f6\u00f6pn\u00f5ela. Alus on valmistatud 85% pol\u00fcuretaanist ja 15% puuvillast.<\/p>","protected":false},"excerpt":{"rendered":"<p>Prym aurutamise alusel on v\u00f5imalik valminud t\u00f6\u00f6d aurutada, triikida v\u00f5i j\u00e4tta lihtsalt kuivama. See k\u00f5ik oleneb juba eseme l\u00f5ngast ja selle kasutamise juhistest. Mati suuruseks on 70x70cm ning selle alumine osa on valmistatud porolonist. \u00dclemine osa aga talub triikraua kuumust ning on varustatud sentimeetrite skaalaga. Alusel on abistavateks joonteks lisaks ruudustikule ringid ja ovaalid. Alus k\u00e4ib kokku ja seda saab hoida mugavas kotis. Komplekti kuulub, lisaks alusele, veel 40 n\u00f6\u00f6pn\u00f5ela. Alus on valmistatud 85% pol\u00fcuretaanist ja 15% puuvillast.<\/p>","protected":false},"featured_media":4234,"template":"","meta":[],"product_brand":[],"product_cat":[263,783,782,272,787,790],"product_tag":[],"class_list":{"0":"post-4233","1":"product","2":"type-product","3":"status-publish","4":"has-post-thumbnail","6":"product_cat-brandid","7":"product_cat-heegeldamine","8":"product_cat-kudumine","9":"product_cat-prym","10":"product_cat-viimistlus","11":"product_cat-viimistlus-heegeldamine","13":"first","14":"instock","15":"taxable","16":"shipping-taxable","17":"purchasable","18":"product-type-simple"},"jetpack_sharing_enabled":true,"_links":{"self":[{"href":"https:\/\/becreative.ee\/en\/wp-json\/wp\/v2\/product\/4233","targetHints":{"allow":["GET"]}}],"collection":[{"href":"https:\/\/becreative.ee\/en\/wp-json\/wp\/v2\/product"}],"about":[{"href":"https:\/\/becreative.ee\/en\/wp-json\/wp\/v2\/types\/product"}],"version-history":[{"count":1,"href":"https:\/\/becreative.ee\/en\/wp-json\/wp\/v2\/product\/4233\/revisions"}],"predecessor-version":[{"id":4236,"href":"https:\/\/becreative.ee\/en\/wp-json\/wp\/v2\/product\/4233\/revisions\/4236"}],"wp:featuredmedia":[{"embeddable":true,"href":"https:\/\/becreative.ee\/en\/wp-json\/wp\/v2\/media\/4234"}],"wp:attachment":[{"href":"https:\/\/becreative.ee\/en\/wp-json\/wp\/v2\/media?parent=4233"}],"wp:term":[{"taxonomy":"product_brand","embeddable":true,"href":"https:\/\/becreative.ee\/en\/wp-json\/wp\/v2\/product_brand?post=4233"},{"taxonomy":"product_cat","embeddable":true,"href":"https:\/\/becreative.ee\/en\/wp-json\/wp\/v2\/product_cat?post=4233"},{"taxonomy":"product_tag","embeddable":true,"href":"https:\/\/becreative.ee\/en\/wp-json\/wp\/v2\/product_tag?post=4233"}],"curies":[{"name":"wp","href":"https:\/\/api.w.org\/{rel}","templated":true}]}}