{"id":4245,"date":"2021-11-16T12:19:51","date_gmt":"2021-11-16T12:19:51","guid":{"rendered":"https:\/\/becreative.ee\/?post_type=product&#038;p=4245"},"modified":"2021-11-16T12:19:52","modified_gmt":"2021-11-16T12:19:52","slug":"siser-nokitseja","status":"publish","type":"product","link":"https:\/\/becreative.ee\/en\/product\/siser-nokitseja\/","title":{"rendered":"Siser nokitseja"},"content":{"rendered":"<p>Siser nokitseja h\u00f5lbustab kuumpresskilede ja vin\u00fc\u00fclide materjali eemaldamist l\u00f5igatud kujundusest. Nokitseja on valmistatud kirurgilisest terasest ja k\u00e4epide on kaetud meditsiinilise antistaatilise kummiga.<\/p>","protected":false},"excerpt":{"rendered":"<p>Siser nokitseja h\u00f5lbustab kuumpresskilede ja vin\u00fc\u00fclide materjali eemaldamist l\u00f5igatud kujundusest. Nokitseja on valmistatud kirurgilisest terasest ja k\u00e4epide on kaetud meditsiinilise antistaatilise kummiga.<\/p>","protected":false},"featured_media":4246,"template":"","meta":[],"product_brand":[],"product_cat":[263,855,960,871],"product_tag":[],"class_list":{"0":"post-4245","1":"product","2":"type-product","3":"status-publish","4":"has-post-thumbnail","6":"product_cat-brandid","7":"product_cat-siser","8":"product_cat-tooriistad","9":"product_cat-vahendid-loikemasinatele","11":"first","12":"instock","13":"taxable","14":"shipping-taxable","15":"purchasable","16":"product-type-simple"},"jetpack_sharing_enabled":true,"_links":{"self":[{"href":"https:\/\/becreative.ee\/en\/wp-json\/wp\/v2\/product\/4245","targetHints":{"allow":["GET"]}}],"collection":[{"href":"https:\/\/becreative.ee\/en\/wp-json\/wp\/v2\/product"}],"about":[{"href":"https:\/\/becreative.ee\/en\/wp-json\/wp\/v2\/types\/product"}],"version-history":[{"count":1,"href":"https:\/\/becreative.ee\/en\/wp-json\/wp\/v2\/product\/4245\/revisions"}],"predecessor-version":[{"id":4247,"href":"https:\/\/becreative.ee\/en\/wp-json\/wp\/v2\/product\/4245\/revisions\/4247"}],"wp:featuredmedia":[{"embeddable":true,"href":"https:\/\/becreative.ee\/en\/wp-json\/wp\/v2\/media\/4246"}],"wp:attachment":[{"href":"https:\/\/becreative.ee\/en\/wp-json\/wp\/v2\/media?parent=4245"}],"wp:term":[{"taxonomy":"product_brand","embeddable":true,"href":"https:\/\/becreative.ee\/en\/wp-json\/wp\/v2\/product_brand?post=4245"},{"taxonomy":"product_cat","embeddable":true,"href":"https:\/\/becreative.ee\/en\/wp-json\/wp\/v2\/product_cat?post=4245"},{"taxonomy":"product_tag","embeddable":true,"href":"https:\/\/becreative.ee\/en\/wp-json\/wp\/v2\/product_tag?post=4245"}],"curies":[{"name":"wp","href":"https:\/\/api.w.org\/{rel}","templated":true}]}}