{"id":4248,"date":"2021-11-16T12:29:08","date_gmt":"2021-11-16T12:29:08","guid":{"rendered":"https:\/\/becreative.ee\/?post_type=product&#038;p=4248"},"modified":"2021-11-16T12:29:09","modified_gmt":"2021-11-16T12:29:09","slug":"siser-spaatel","status":"publish","type":"product","link":"https:\/\/becreative.ee\/en\/product\/siser-spaatel\/","title":{"rendered":"Siser spaatel"},"content":{"rendered":"<p>Spaatel on hea abivahend, kui vin\u00fc\u00fcl kleebist on tarvis kanda \u00fchelt pinnalt teisele. Plastikust spaatel kaotab \u00f5humullid ning surub \u00fchtlaselt vin\u00fc\u00fcli soovitud pinnale.<\/p>","protected":false},"excerpt":{"rendered":"<p>Spaatel on hea abivahend, kui vin\u00fc\u00fcl kleebist on tarvis kanda \u00fchelt pinnalt teisele. Plastikust spaatel kaotab \u00f5humullid ning surub \u00fchtlaselt vin\u00fc\u00fcli soovitud pinnale.<\/p>","protected":false},"featured_media":4249,"template":"","meta":[],"product_brand":[],"product_cat":[263,855,960,871],"product_tag":[],"class_list":{"0":"post-4248","1":"product","2":"type-product","3":"status-publish","4":"has-post-thumbnail","6":"product_cat-brandid","7":"product_cat-siser","8":"product_cat-tooriistad","9":"product_cat-vahendid-loikemasinatele","11":"first","12":"instock","13":"taxable","14":"shipping-taxable","15":"purchasable","16":"product-type-simple"},"jetpack_sharing_enabled":true,"_links":{"self":[{"href":"https:\/\/becreative.ee\/en\/wp-json\/wp\/v2\/product\/4248","targetHints":{"allow":["GET"]}}],"collection":[{"href":"https:\/\/becreative.ee\/en\/wp-json\/wp\/v2\/product"}],"about":[{"href":"https:\/\/becreative.ee\/en\/wp-json\/wp\/v2\/types\/product"}],"version-history":[{"count":1,"href":"https:\/\/becreative.ee\/en\/wp-json\/wp\/v2\/product\/4248\/revisions"}],"predecessor-version":[{"id":4250,"href":"https:\/\/becreative.ee\/en\/wp-json\/wp\/v2\/product\/4248\/revisions\/4250"}],"wp:featuredmedia":[{"embeddable":true,"href":"https:\/\/becreative.ee\/en\/wp-json\/wp\/v2\/media\/4249"}],"wp:attachment":[{"href":"https:\/\/becreative.ee\/en\/wp-json\/wp\/v2\/media?parent=4248"}],"wp:term":[{"taxonomy":"product_brand","embeddable":true,"href":"https:\/\/becreative.ee\/en\/wp-json\/wp\/v2\/product_brand?post=4248"},{"taxonomy":"product_cat","embeddable":true,"href":"https:\/\/becreative.ee\/en\/wp-json\/wp\/v2\/product_cat?post=4248"},{"taxonomy":"product_tag","embeddable":true,"href":"https:\/\/becreative.ee\/en\/wp-json\/wp\/v2\/product_tag?post=4248"}],"curies":[{"name":"wp","href":"https:\/\/api.w.org\/{rel}","templated":true}]}}