{"id":4255,"date":"2021-11-17T08:47:30","date_gmt":"2021-11-17T08:47:30","guid":{"rendered":"https:\/\/becreative.ee\/?post_type=product&#038;p=4255"},"modified":"2025-12-03T19:11:30","modified_gmt":"2025-12-03T19:11:30","slug":"termosiirdepaber-tumedale-kangale","status":"publish","type":"product","link":"https:\/\/becreative.ee\/en\/product\/termosiirdepaber-tumedale-kangale\/","title":{"rendered":"Termosiirdepaber tumedale kangale"},"content":{"rendered":"<p>Selleks, et valmistada midagi oman\u00e4olist, on tarvis just sellist paberit. Loo ise v\u00f5i vali endale meeldiv pilt, prindi see spetsiaalsele paberile ja kanna triikrauaga v\u00f5i kuumpressiga kangale. Antud paber sobib kasutamiseks laserprinteriga ning prinditud pilti saab kanda tumedale kangale.<\/p>\n<p>&nbsp;<\/p>\n<p>PAIGALDUS:<\/p>\n<p>Temperatuur: 200<span class=\"font0\">\u00a0<\/span><sup>0<\/sup><span class=\"font0\">C<\/span><\/p>\n<p>Aeg: 20 sekundit kilega + 40 sekundit kileta<\/p>\n<p>Surve: tugev<\/p>\n<p>Taustakile eemaldamine: vaata juhendit<\/p>\n<p>&nbsp;<\/p>\n<p>PAIGALDAMISE JUHEND:<\/p>\n<p>Printige valmistatud kujundus (peegelpildis) termosiirdepaberile. Vajadusel l\u00f5igake v\u00e4lja kontuurid. Eemaldage kilelt tagumine paber ja asetage kile kangale (tr\u00fckidud osa kanga suunas). Katke paigaldatud pilt k\u00fcpsetuspaberi ja lapiga ning vajutage kujutisele 20 sekundit. Eemaldage tr\u00fckiselt kogu kate. Katke kujutis uuesti k\u00fcpsetuspaberige ja suruge kujutisele tugevalt 40 sekundit. H\u00f5\u00f5ruge tekstiilit\u00fckiga k\u00fcpsetuspaberit seni, kuni see jahtub ja eemaldage siis kujutiselt.<\/p>\n<p>&nbsp;<\/p>\n<p>PESEMINE:<\/p>\n<p>Esimene pesu tee vajadusel peale 24h. V\u00f5imalusel p\u00f6\u00f6ra pahupool.<\/p>\n<p><img decoding=\"async\" class=\"alignnone size-full wp-image-299\" src=\"https:\/\/becreative.ee\/wp-content\/uploads\/2020\/03\/valgendamine-keelatud.png\" alt=\"\" width=\"50\" height=\"50\" \/> <img decoding=\"async\" class=\"alignnone size-full wp-image-1286\" src=\"https:\/\/becreative.ee\/wp-content\/uploads\/2020\/04\/pesemine_40-kraadi.png\" alt=\"\" width=\"50\" height=\"50\" \/> <img decoding=\"async\" class=\"alignnone size-full wp-image-298\" src=\"https:\/\/becreative.ee\/wp-content\/uploads\/2020\/03\/trummelkuivatus_keelatud.png\" alt=\"\" width=\"50\" height=\"50\" \/> <img loading=\"lazy\" decoding=\"async\" class=\"alignnone size-full wp-image-1408\" src=\"https:\/\/becreative.ee\/wp-content\/uploads\/2020\/05\/keemiline_puhastus_keelatud.png\" alt=\"\" width=\"50\" height=\"50\" \/><\/p>","protected":false},"excerpt":{"rendered":"<p>Selleks, et valmistada midagi oman\u00e4olist, on tarvis just sellist paberit. Loo ise v\u00f5i vali endale meeldiv pilt, prindi see spetsiaalsele paberile ja kanna triikrauaga v\u00f5i kuumpressiga kangale. Antud paber sobib kasutamiseks laserprinteriga ning prinditud pilti saab kanda tumedale kangale.<\/p>","protected":false},"featured_media":4257,"template":"","meta":[],"product_brand":[],"product_cat":[263,872,855,871],"product_tag":[],"class_list":{"0":"post-4255","1":"product","2":"type-product","3":"status-publish","4":"has-post-thumbnail","6":"product_cat-brandid","7":"product_cat-kuumpresskile-iron-on","8":"product_cat-siser","9":"product_cat-vahendid-loikemasinatele","11":"first","12":"instock","13":"taxable","14":"shipping-taxable","15":"purchasable","16":"product-type-simple"},"jetpack_sharing_enabled":true,"_links":{"self":[{"href":"https:\/\/becreative.ee\/en\/wp-json\/wp\/v2\/product\/4255","targetHints":{"allow":["GET"]}}],"collection":[{"href":"https:\/\/becreative.ee\/en\/wp-json\/wp\/v2\/product"}],"about":[{"href":"https:\/\/becreative.ee\/en\/wp-json\/wp\/v2\/types\/product"}],"version-history":[{"count":1,"href":"https:\/\/becreative.ee\/en\/wp-json\/wp\/v2\/product\/4255\/revisions"}],"predecessor-version":[{"id":4256,"href":"https:\/\/becreative.ee\/en\/wp-json\/wp\/v2\/product\/4255\/revisions\/4256"}],"wp:featuredmedia":[{"embeddable":true,"href":"https:\/\/becreative.ee\/en\/wp-json\/wp\/v2\/media\/4257"}],"wp:attachment":[{"href":"https:\/\/becreative.ee\/en\/wp-json\/wp\/v2\/media?parent=4255"}],"wp:term":[{"taxonomy":"product_brand","embeddable":true,"href":"https:\/\/becreative.ee\/en\/wp-json\/wp\/v2\/product_brand?post=4255"},{"taxonomy":"product_cat","embeddable":true,"href":"https:\/\/becreative.ee\/en\/wp-json\/wp\/v2\/product_cat?post=4255"},{"taxonomy":"product_tag","embeddable":true,"href":"https:\/\/becreative.ee\/en\/wp-json\/wp\/v2\/product_tag?post=4255"}],"curies":[{"name":"wp","href":"https:\/\/api.w.org\/{rel}","templated":true}]}}