{"id":4281,"date":"2021-11-19T10:50:45","date_gmt":"2021-11-19T10:50:45","guid":{"rendered":"https:\/\/becreative.ee\/?post_type=product&#038;p=4281"},"modified":"2023-07-24T11:01:10","modified_gmt":"2023-07-24T11:01:10","slug":"3m-vinuul","status":"publish","type":"product","link":"https:\/\/becreative.ee\/en\/product\/3m-vinuul\/","title":{"rendered":"3M vin\u00fc\u00fcl"},"content":{"rendered":"<p>3M vin\u00fc\u00fcli on v\u00f5imalik kasutada lugematul hulgal erinevates projektides.\u00a0 T\u00e4htis on vaid see, et pind oleks sile v\u00f5i v\u00e4ikese kumerusega. Kleepimiseks sobivad erinevad v\u00e4rvitud pinnad, alumiinium, klaas, paber. Vin\u00fc\u00fcl sobib kasutamiseks sise- ja v\u00e4listingimustesse. Samuti sobib toode siiditr\u00fcki \u0161abloonide valmistamiseks. Toode on pliikromaatpigmendi vaba. Lehe suurus 30,5x50cm.<\/p>","protected":false},"excerpt":{"rendered":"<p>3M vin\u00fc\u00fcli on v\u00f5imalik kasutada lugematul hulgal erinevates projektides.\u00a0 T\u00e4htis on vaid see, et pind oleks sile v\u00f5i v\u00e4ikese kumerusega. Kleepimiseks sobivad erinevad v\u00e4rvitud pinnad, alumiinium, klaas, paber. Vin\u00fc\u00fcl sobib kasutamiseks sise- ja v\u00e4listingimustesse. Samuti sobib toode siiditr\u00fcki \u0161abloonide valmistamiseks. Toode on pliikromaatpigmendi vaba. Lehe suurus 30,5x50cm.<\/p>","protected":false},"featured_media":4300,"template":"","meta":[],"product_brand":[],"product_cat":[979,263,871,980],"product_tag":[],"class_list":{"0":"post-4281","1":"product","2":"type-product","3":"status-publish","4":"has-post-thumbnail","6":"product_cat-3m","7":"product_cat-brandid","8":"product_cat-vahendid-loikemasinatele","9":"product_cat-vinuul","11":"first","12":"instock","13":"taxable","14":"shipping-taxable","15":"purchasable","16":"product-type-variable"},"jetpack_sharing_enabled":true,"_links":{"self":[{"href":"https:\/\/becreative.ee\/en\/wp-json\/wp\/v2\/product\/4281","targetHints":{"allow":["GET"]}}],"collection":[{"href":"https:\/\/becreative.ee\/en\/wp-json\/wp\/v2\/product"}],"about":[{"href":"https:\/\/becreative.ee\/en\/wp-json\/wp\/v2\/types\/product"}],"version-history":[{"count":2,"href":"https:\/\/becreative.ee\/en\/wp-json\/wp\/v2\/product\/4281\/revisions"}],"predecessor-version":[{"id":4304,"href":"https:\/\/becreative.ee\/en\/wp-json\/wp\/v2\/product\/4281\/revisions\/4304"}],"wp:featuredmedia":[{"embeddable":true,"href":"https:\/\/becreative.ee\/en\/wp-json\/wp\/v2\/media\/4300"}],"wp:attachment":[{"href":"https:\/\/becreative.ee\/en\/wp-json\/wp\/v2\/media?parent=4281"}],"wp:term":[{"taxonomy":"product_brand","embeddable":true,"href":"https:\/\/becreative.ee\/en\/wp-json\/wp\/v2\/product_brand?post=4281"},{"taxonomy":"product_cat","embeddable":true,"href":"https:\/\/becreative.ee\/en\/wp-json\/wp\/v2\/product_cat?post=4281"},{"taxonomy":"product_tag","embeddable":true,"href":"https:\/\/becreative.ee\/en\/wp-json\/wp\/v2\/product_tag?post=4281"}],"curies":[{"name":"wp","href":"https:\/\/api.w.org\/{rel}","templated":true}]}}