{"id":4320,"date":"2021-12-01T12:34:07","date_gmt":"2021-12-01T12:34:07","guid":{"rendered":"https:\/\/becreative.ee\/?post_type=product&#038;p=4320"},"modified":"2022-02-27T12:54:13","modified_gmt":"2022-02-27T12:54:13","slug":"prym-rull-loikur","status":"publish","type":"product","link":"https:\/\/becreative.ee\/en\/product\/prym-rull-loikur\/","title":{"rendered":"Prym rull l\u00f5ikur"},"content":{"rendered":"<p>Prym rull l\u00f5ikur on praktiline t\u00f6\u00f6riist, mida saab kasutada erinevate kangaste, paberi ja kile l\u00f5ikamiseks. Standartne 45mm l\u00e4bim\u00f5\u00f5duga tera v\u00f5imaldab korraga l\u00e4bi l\u00f5igata mitmest kangast. Rull l\u00f5ikuri k\u00fclge on v\u00f5imalik paigaldada n\u00e4idik, millega saab h\u00f5lpsasti j\u00e4lgida \u00f5mblusvaru. Ergonoomiline pehme kummine k\u00e4epide ei lase k\u00e4el l\u00f5igates libiseda ka tugeva surve korral. L\u00f5ikuril on kaasas kolm tera, millest \u00fcks l\u00f5ikab sakilise \u00e4\u00e4re.<\/p>","protected":false},"excerpt":{"rendered":"<p>Prym rull l\u00f5ikur on praktiline t\u00f6\u00f6riist, mida saab kasutada erinevate kangaste, paberi ja kile l\u00f5ikamiseks. Standartne 45mm l\u00e4bim\u00f5\u00f5duga tera v\u00f5imaldab korraga l\u00e4bi l\u00f5igata mitmest kangast. Rull l\u00f5ikuri k\u00fclge on v\u00f5imalik paigaldada n\u00e4idik, millega saab h\u00f5lpsasti j\u00e4lgida \u00f5mblusvaru. Ergonoomiline pehme kummine k\u00e4epide ei lase k\u00e4el l\u00f5igates libiseda ka tugeva surve korral. L\u00f5ikuril on kaasas kolm tera, millest \u00fcks l\u00f5ikab sakilise \u00e4\u00e4re.<\/p>","protected":false},"featured_media":4321,"template":"","meta":[],"product_brand":[],"product_cat":[263,982,932,272],"product_tag":[],"class_list":{"0":"post-4320","1":"product","2":"type-product","3":"status-publish","4":"has-post-thumbnail","6":"product_cat-brandid","7":"product_cat-kaarid-loikurid","8":"product_cat-omblemine","9":"product_cat-prym","11":"first","12":"instock","13":"taxable","14":"shipping-taxable","15":"purchasable","16":"product-type-simple"},"jetpack_sharing_enabled":true,"_links":{"self":[{"href":"https:\/\/becreative.ee\/en\/wp-json\/wp\/v2\/product\/4320","targetHints":{"allow":["GET"]}}],"collection":[{"href":"https:\/\/becreative.ee\/en\/wp-json\/wp\/v2\/product"}],"about":[{"href":"https:\/\/becreative.ee\/en\/wp-json\/wp\/v2\/types\/product"}],"version-history":[{"count":1,"href":"https:\/\/becreative.ee\/en\/wp-json\/wp\/v2\/product\/4320\/revisions"}],"predecessor-version":[{"id":4324,"href":"https:\/\/becreative.ee\/en\/wp-json\/wp\/v2\/product\/4320\/revisions\/4324"}],"wp:featuredmedia":[{"embeddable":true,"href":"https:\/\/becreative.ee\/en\/wp-json\/wp\/v2\/media\/4321"}],"wp:attachment":[{"href":"https:\/\/becreative.ee\/en\/wp-json\/wp\/v2\/media?parent=4320"}],"wp:term":[{"taxonomy":"product_brand","embeddable":true,"href":"https:\/\/becreative.ee\/en\/wp-json\/wp\/v2\/product_brand?post=4320"},{"taxonomy":"product_cat","embeddable":true,"href":"https:\/\/becreative.ee\/en\/wp-json\/wp\/v2\/product_cat?post=4320"},{"taxonomy":"product_tag","embeddable":true,"href":"https:\/\/becreative.ee\/en\/wp-json\/wp\/v2\/product_tag?post=4320"}],"curies":[{"name":"wp","href":"https:\/\/api.w.org\/{rel}","templated":true}]}}