{"id":4333,"date":"2021-12-04T12:06:26","date_gmt":"2021-12-04T12:06:26","guid":{"rendered":"https:\/\/becreative.ee\/?post_type=product&#038;p=4333"},"modified":"2026-01-13T18:29:34","modified_gmt":"2026-01-13T18:29:34","slug":"metallist-beez-rongas-20cm","status":"publish","type":"product","link":"https:\/\/becreative.ee\/en\/product\/metallist-beez-rongas-20cm\/","title":{"rendered":"Metallist bee\u017e r\u00f5ngas 20cm"},"content":{"rendered":"<p>Metallist r\u00f5ngast on v\u00f5imalik kasutada erinevates projektides. K\u00f5ige tihedamini kasutatakse neid unen\u00e4op\u00fc\u00fcdjate valmistamisel. Lisaks saab r\u00f5ngast kasutada beebi voodikaruselli osana v\u00f5i alusena makramee valmistamisel. Bee\u017ei r\u00f5nga diameeter on 20cm.<\/p>","protected":false},"excerpt":{"rendered":"<p>Metallist r\u00f5ngast on v\u00f5imalik kasutada erinevates projektides. K\u00f5ige tihedamini kasutatakse neid unen\u00e4op\u00fc\u00fcdjate valmistamisel. Lisaks saab r\u00f5ngast kasutada beebi voodikaruselli osana v\u00f5i alusena makramee valmistamisel. Bee\u017ei r\u00f5nga diameeter on 20cm.<\/p>","protected":false},"featured_media":4337,"template":"","meta":[],"product_brand":[],"product_cat":[263,265,279,912,914,340],"product_tag":[],"class_list":{"0":"post-4333","1":"product","2":"type-product","3":"status-publish","4":"has-post-thumbnail","6":"product_cat-brandid","7":"product_cat-go-handmade","8":"product_cat-kasitooks-vajalik","9":"product_cat-makramee","10":"product_cat-rongad-makramee","11":"product_cat-rongad","13":"first","14":"instock","15":"taxable","16":"shipping-taxable","17":"purchasable","18":"product-type-simple"},"jetpack_sharing_enabled":true,"_links":{"self":[{"href":"https:\/\/becreative.ee\/en\/wp-json\/wp\/v2\/product\/4333","targetHints":{"allow":["GET"]}}],"collection":[{"href":"https:\/\/becreative.ee\/en\/wp-json\/wp\/v2\/product"}],"about":[{"href":"https:\/\/becreative.ee\/en\/wp-json\/wp\/v2\/types\/product"}],"version-history":[{"count":1,"href":"https:\/\/becreative.ee\/en\/wp-json\/wp\/v2\/product\/4333\/revisions"}],"predecessor-version":[{"id":4336,"href":"https:\/\/becreative.ee\/en\/wp-json\/wp\/v2\/product\/4333\/revisions\/4336"}],"wp:featuredmedia":[{"embeddable":true,"href":"https:\/\/becreative.ee\/en\/wp-json\/wp\/v2\/media\/4337"}],"wp:attachment":[{"href":"https:\/\/becreative.ee\/en\/wp-json\/wp\/v2\/media?parent=4333"}],"wp:term":[{"taxonomy":"product_brand","embeddable":true,"href":"https:\/\/becreative.ee\/en\/wp-json\/wp\/v2\/product_brand?post=4333"},{"taxonomy":"product_cat","embeddable":true,"href":"https:\/\/becreative.ee\/en\/wp-json\/wp\/v2\/product_cat?post=4333"},{"taxonomy":"product_tag","embeddable":true,"href":"https:\/\/becreative.ee\/en\/wp-json\/wp\/v2\/product_tag?post=4333"}],"curies":[{"name":"wp","href":"https:\/\/api.w.org\/{rel}","templated":true}]}}