{"id":4345,"date":"2021-12-04T13:28:14","date_gmt":"2021-12-04T13:28:14","guid":{"rendered":"https:\/\/becreative.ee\/?post_type=product&#038;p=4345"},"modified":"2025-03-24T20:31:56","modified_gmt":"2025-03-24T20:31:56","slug":"peegel-manguasjadele","status":"publish","type":"product","link":"https:\/\/becreative.ee\/en\/product\/peegel-manguasjadele\/","title":{"rendered":"Peegel m\u00e4nguasjadele"},"content":{"rendered":"<p>Kui valmistad beebile v\u00f5i v\u00e4ikelapsele m\u00e4nguasju v\u00f5i tegevusaluseid, siis peegel on m\u00f5ne k\u00fclje v\u00f5i lehek\u00fclje sisustamiseks suurep\u00e4rane vahend. Laps saab ennast peeglist j\u00e4lgida ja m\u00e4ngul\u00f5bu jagub pikaks ajaks. Peegel on \u00f5huke, painduv ja 12cm diameetriga. Peegel on valmistatud PC materjalist (pol\u00fckarbonaadist). Enne lapsele m\u00e4ngimiseks andmist eemalda kindlasti peeglit kattev kile.<\/p>","protected":false},"excerpt":{"rendered":"<p>Kui valmistad beebile v\u00f5i v\u00e4ikelapsele m\u00e4nguasju v\u00f5i tegevusaluseid, siis peegel on m\u00f5ne k\u00fclje v\u00f5i lehek\u00fclje sisustamiseks suurep\u00e4rane vahend. Laps saab ennast peeglist j\u00e4lgida ja m\u00e4ngul\u00f5bu jagub pikaks ajaks. Peegel on \u00f5huke, painduv ja 12cm diameetriga. Peegel on valmistatud PC materjalist (pol\u00fckarbonaadist). Enne lapsele m\u00e4ngimiseks andmist eemalda kindlasti peeglit kattev kile.<\/p>","protected":false},"featured_media":4346,"template":"","meta":[],"product_brand":[],"product_cat":[263,265,17,985],"product_tag":[],"class_list":{"0":"post-4345","1":"product","2":"type-product","3":"status-publish","4":"has-post-thumbnail","6":"product_cat-brandid","7":"product_cat-go-handmade","8":"product_cat-manguasjadevalmistamine","9":"product_cat-peeglid","11":"first","12":"instock","13":"taxable","14":"shipping-taxable","15":"purchasable","16":"product-type-simple"},"jetpack_sharing_enabled":true,"_links":{"self":[{"href":"https:\/\/becreative.ee\/en\/wp-json\/wp\/v2\/product\/4345","targetHints":{"allow":["GET"]}}],"collection":[{"href":"https:\/\/becreative.ee\/en\/wp-json\/wp\/v2\/product"}],"about":[{"href":"https:\/\/becreative.ee\/en\/wp-json\/wp\/v2\/types\/product"}],"version-history":[{"count":1,"href":"https:\/\/becreative.ee\/en\/wp-json\/wp\/v2\/product\/4345\/revisions"}],"predecessor-version":[{"id":4347,"href":"https:\/\/becreative.ee\/en\/wp-json\/wp\/v2\/product\/4345\/revisions\/4347"}],"wp:featuredmedia":[{"embeddable":true,"href":"https:\/\/becreative.ee\/en\/wp-json\/wp\/v2\/media\/4346"}],"wp:attachment":[{"href":"https:\/\/becreative.ee\/en\/wp-json\/wp\/v2\/media?parent=4345"}],"wp:term":[{"taxonomy":"product_brand","embeddable":true,"href":"https:\/\/becreative.ee\/en\/wp-json\/wp\/v2\/product_brand?post=4345"},{"taxonomy":"product_cat","embeddable":true,"href":"https:\/\/becreative.ee\/en\/wp-json\/wp\/v2\/product_cat?post=4345"},{"taxonomy":"product_tag","embeddable":true,"href":"https:\/\/becreative.ee\/en\/wp-json\/wp\/v2\/product_tag?post=4345"}],"curies":[{"name":"wp","href":"https:\/\/api.w.org\/{rel}","templated":true}]}}