{"id":4353,"date":"2021-12-06T10:45:11","date_gmt":"2021-12-06T10:45:11","guid":{"rendered":"https:\/\/becreative.ee\/?post_type=product&#038;p=4353"},"modified":"2023-11-21T19:47:35","modified_gmt":"2023-11-21T19:47:35","slug":"noopide-assortii","status":"publish","type":"product","link":"https:\/\/becreative.ee\/en\/product\/noopide-assortii\/","title":{"rendered":"N\u00f6\u00f6pide assortii"},"content":{"rendered":"<p>N\u00f6\u00f6pide kasutamine k\u00e4sit\u00f6\u00f6s on v\u00e4ga laialdane. N\u00f6\u00f6pide assortii on suurep\u00e4raseks materjaliks neile, kelle projektides on tarvis erinevaid n\u00f6\u00f6pe. N\u00e4iteks patjadele n\u00f6\u00f6pidest kujundite \u00f5mblemisel v\u00f5i siis kaardide valmistamisel. Loomulikult ka erinevate riideesemete osana. N\u00f6\u00f6bid on valmistatud plastmassist ning pakendis on 100g n\u00f6\u00f6pe.<\/p>","protected":false},"excerpt":{"rendered":"<p>N\u00f6\u00f6pide kasutamine k\u00e4sit\u00f6\u00f6s on v\u00e4ga laialdane. N\u00f6\u00f6pide assortii on suurep\u00e4raseks materjaliks neile, kelle projektides on tarvis erinevaid n\u00f6\u00f6pe. N\u00e4iteks patjadele n\u00f6\u00f6pidest kujundite \u00f5mblemisel v\u00f5i siis kaardide valmistamisel. Loomulikult ka erinevate riideesemete osana. N\u00f6\u00f6bid on valmistatud plastmassist ning pakendis on 100g n\u00f6\u00f6pe.<\/p>","protected":false},"featured_media":4361,"template":"","meta":[],"product_brand":[],"product_cat":[263,265,279,355,1192,932],"product_tag":[],"class_list":{"0":"post-4353","1":"product","2":"type-product","3":"status-publish","4":"has-post-thumbnail","6":"product_cat-brandid","7":"product_cat-go-handmade","8":"product_cat-kasitooks-vajalik","9":"product_cat-noobid","10":"product_cat-noobid-omblemine","11":"product_cat-omblemine","13":"first","14":"instock","15":"taxable","16":"shipping-taxable","17":"purchasable","18":"product-type-variable"},"jetpack_sharing_enabled":true,"_links":{"self":[{"href":"https:\/\/becreative.ee\/en\/wp-json\/wp\/v2\/product\/4353","targetHints":{"allow":["GET"]}}],"collection":[{"href":"https:\/\/becreative.ee\/en\/wp-json\/wp\/v2\/product"}],"about":[{"href":"https:\/\/becreative.ee\/en\/wp-json\/wp\/v2\/types\/product"}],"version-history":[{"count":3,"href":"https:\/\/becreative.ee\/en\/wp-json\/wp\/v2\/product\/4353\/revisions"}],"predecessor-version":[{"id":4363,"href":"https:\/\/becreative.ee\/en\/wp-json\/wp\/v2\/product\/4353\/revisions\/4363"}],"wp:featuredmedia":[{"embeddable":true,"href":"https:\/\/becreative.ee\/en\/wp-json\/wp\/v2\/media\/4361"}],"wp:attachment":[{"href":"https:\/\/becreative.ee\/en\/wp-json\/wp\/v2\/media?parent=4353"}],"wp:term":[{"taxonomy":"product_brand","embeddable":true,"href":"https:\/\/becreative.ee\/en\/wp-json\/wp\/v2\/product_brand?post=4353"},{"taxonomy":"product_cat","embeddable":true,"href":"https:\/\/becreative.ee\/en\/wp-json\/wp\/v2\/product_cat?post=4353"},{"taxonomy":"product_tag","embeddable":true,"href":"https:\/\/becreative.ee\/en\/wp-json\/wp\/v2\/product_tag?post=4353"}],"curies":[{"name":"wp","href":"https:\/\/api.w.org\/{rel}","templated":true}]}}