{"id":4364,"date":"2021-12-07T11:27:54","date_gmt":"2021-12-07T11:27:54","guid":{"rendered":"https:\/\/becreative.ee\/?post_type=product&#038;p=4364"},"modified":"2026-03-09T17:07:49","modified_gmt":"2026-03-09T17:07:49","slug":"makramee-kamm","status":"publish","type":"product","link":"https:\/\/becreative.ee\/en\/product\/makramee-kamm\/","title":{"rendered":"Makramee kamm"},"content":{"rendered":"<p>Puidust kammi kasutatakse n\u00f6\u00f6ri ja l\u00f5nga lahti kammimiseks. Eriti tihti kasutatakse sellist tehnikat makrameed tehes. Kammi pikkus on 97mm, laius 50mm ning kaal on 19,5g.<\/p>","protected":false},"excerpt":{"rendered":"<p>Puidust kammi kasutatakse n\u00f6\u00f6ri ja l\u00f5nga lahti kammimiseks. Eriti tihti kasutatakse sellist tehnikat makrameed tehes. Kammi pikkus on 97mm, laius 50mm ning kaal on 19,5g. 3<\/p>","protected":false},"featured_media":4365,"template":"","meta":[],"product_brand":[],"product_cat":[263,989,912,990],"product_tag":[],"class_list":{"0":"post-4364","1":"product","2":"type-product","3":"status-publish","4":"has-post-thumbnail","6":"product_cat-brandid","7":"product_cat-graine-creative","8":"product_cat-makramee","9":"product_cat-tooriistad-makramee","11":"first","12":"outofstock","13":"taxable","14":"shipping-taxable","15":"purchasable","16":"product-type-simple"},"jetpack_sharing_enabled":true,"_links":{"self":[{"href":"https:\/\/becreative.ee\/en\/wp-json\/wp\/v2\/product\/4364","targetHints":{"allow":["GET"]}}],"collection":[{"href":"https:\/\/becreative.ee\/en\/wp-json\/wp\/v2\/product"}],"about":[{"href":"https:\/\/becreative.ee\/en\/wp-json\/wp\/v2\/types\/product"}],"version-history":[{"count":1,"href":"https:\/\/becreative.ee\/en\/wp-json\/wp\/v2\/product\/4364\/revisions"}],"predecessor-version":[{"id":4366,"href":"https:\/\/becreative.ee\/en\/wp-json\/wp\/v2\/product\/4364\/revisions\/4366"}],"wp:featuredmedia":[{"embeddable":true,"href":"https:\/\/becreative.ee\/en\/wp-json\/wp\/v2\/media\/4365"}],"wp:attachment":[{"href":"https:\/\/becreative.ee\/en\/wp-json\/wp\/v2\/media?parent=4364"}],"wp:term":[{"taxonomy":"product_brand","embeddable":true,"href":"https:\/\/becreative.ee\/en\/wp-json\/wp\/v2\/product_brand?post=4364"},{"taxonomy":"product_cat","embeddable":true,"href":"https:\/\/becreative.ee\/en\/wp-json\/wp\/v2\/product_cat?post=4364"},{"taxonomy":"product_tag","embeddable":true,"href":"https:\/\/becreative.ee\/en\/wp-json\/wp\/v2\/product_tag?post=4364"}],"curies":[{"name":"wp","href":"https:\/\/api.w.org\/{rel}","templated":true}]}}