{"id":4367,"date":"2021-12-07T12:07:01","date_gmt":"2021-12-07T12:07:01","guid":{"rendered":"https:\/\/becreative.ee\/?post_type=product&#038;p=4367"},"modified":"2022-09-05T08:09:53","modified_gmt":"2022-09-05T08:09:53","slug":"puidu-poletaja-purograaf","status":"publish","type":"product","link":"https:\/\/becreative.ee\/en\/product\/puidu-poletaja-purograaf\/","title":{"rendered":"Puidu p\u00f5letaja (p\u00fcrograaf)"},"content":{"rendered":"<p>P\u00fcrograaf on spetsiaalselt ette n\u00e4htud joonistamiseks puidule, nahale v\u00f5i korgile.<\/p>\n<p>Komplekti kuulub:<\/p>\n<ul>\n<li>p\u00fcrograafia masin (230V)<\/li>\n<li>p\u00fcrograafihoidik<\/li>\n<li>seitse erinevat otsikut<\/li>\n<li>s\u00fcdamekujuline kork, et koheselt k\u00e4tt proovida<\/li>\n<\/ul>\n<p>&nbsp;<\/p>","protected":false},"excerpt":{"rendered":"<p>P\u00fcrograaf on spetsiaalselt ette n\u00e4htud joonistamiseks puidule, nahale v\u00f5i korgile.<\/p>\n<p>Komplekti kuulub:<\/p>\n<ul>\n<li>p\u00fcrograafia masin (230V)<\/li>\n<li>p\u00fcrograafihoidik<\/li>\n<li>seitse erinevat otsikut<\/li>\n<li>s\u00fcdamekujuline kork, et koheselt k\u00e4tt pro<\/li>\n<\/ul>","protected":false},"featured_media":4401,"template":"","meta":[],"product_brand":[],"product_cat":[263,989,991,992],"product_tag":[],"class_list":{"0":"post-4367","1":"product","2":"type-product","3":"status-publish","4":"has-post-thumbnail","6":"product_cat-brandid","7":"product_cat-graine-creative","8":"product_cat-too-puiduga","9":"product_cat-tooriistad-too-puiduga","11":"first","12":"instock","13":"taxable","14":"shipping-taxable","15":"purchasable","16":"product-type-simple"},"jetpack_sharing_enabled":true,"_links":{"self":[{"href":"https:\/\/becreative.ee\/en\/wp-json\/wp\/v2\/product\/4367","targetHints":{"allow":["GET"]}}],"collection":[{"href":"https:\/\/becreative.ee\/en\/wp-json\/wp\/v2\/product"}],"about":[{"href":"https:\/\/becreative.ee\/en\/wp-json\/wp\/v2\/types\/product"}],"version-history":[{"count":1,"href":"https:\/\/becreative.ee\/en\/wp-json\/wp\/v2\/product\/4367\/revisions"}],"predecessor-version":[{"id":4369,"href":"https:\/\/becreative.ee\/en\/wp-json\/wp\/v2\/product\/4367\/revisions\/4369"}],"wp:featuredmedia":[{"embeddable":true,"href":"https:\/\/becreative.ee\/en\/wp-json\/wp\/v2\/media\/4401"}],"wp:attachment":[{"href":"https:\/\/becreative.ee\/en\/wp-json\/wp\/v2\/media?parent=4367"}],"wp:term":[{"taxonomy":"product_brand","embeddable":true,"href":"https:\/\/becreative.ee\/en\/wp-json\/wp\/v2\/product_brand?post=4367"},{"taxonomy":"product_cat","embeddable":true,"href":"https:\/\/becreative.ee\/en\/wp-json\/wp\/v2\/product_cat?post=4367"},{"taxonomy":"product_tag","embeddable":true,"href":"https:\/\/becreative.ee\/en\/wp-json\/wp\/v2\/product_tag?post=4367"}],"curies":[{"name":"wp","href":"https:\/\/api.w.org\/{rel}","templated":true}]}}