{"id":4374,"date":"2021-12-07T12:15:26","date_gmt":"2021-12-07T12:15:26","guid":{"rendered":"https:\/\/becreative.ee\/?post_type=product&#038;p=4374"},"modified":"2025-11-05T14:07:56","modified_gmt":"2025-11-05T14:07:56","slug":"puidust-kuusnurksed-toorikud","status":"publish","type":"product","link":"https:\/\/becreative.ee\/en\/product\/puidust-kuusnurksed-toorikud\/","title":{"rendered":"Puidust kuusnurksed toorikud"},"content":{"rendered":"<p>Puidust kuusnurksete toorikutega on v\u00f5imalik kaunistada seinu v\u00f5i teisi tasaseid pindasid, meisterdada neist kuumaaluseid v\u00f5i kaunistada aluseid joonistustega. Kuusnurkse tooriku m\u00f5\u00f5dud on 99x86x4mm. Karbis on 6 toorikut.<\/p>","protected":false},"excerpt":{"rendered":"<p>Puidust kuusnurksete toorikutega on v\u00f5imalik kaunistada seinu v\u00f5i teisi tasaseid pindasid, meisterdada neist kuumaaluseid v\u00f5i kaunistada aluseid joonistustega. Kuusnurkse tooriku m\u00f5\u00f5dud on 99x86x4mm. Karbis on 6 toorikut.<\/p>","protected":false},"featured_media":4402,"template":"","meta":[],"product_brand":[],"product_cat":[263,989,991,993],"product_tag":[],"class_list":{"0":"post-4374","1":"product","2":"type-product","3":"status-publish","4":"has-post-thumbnail","6":"product_cat-brandid","7":"product_cat-graine-creative","8":"product_cat-too-puiduga","9":"product_cat-toorikud","11":"first","12":"instock","13":"taxable","14":"shipping-taxable","15":"purchasable","16":"product-type-simple"},"jetpack_sharing_enabled":true,"_links":{"self":[{"href":"https:\/\/becreative.ee\/en\/wp-json\/wp\/v2\/product\/4374","targetHints":{"allow":["GET"]}}],"collection":[{"href":"https:\/\/becreative.ee\/en\/wp-json\/wp\/v2\/product"}],"about":[{"href":"https:\/\/becreative.ee\/en\/wp-json\/wp\/v2\/types\/product"}],"version-history":[{"count":2,"href":"https:\/\/becreative.ee\/en\/wp-json\/wp\/v2\/product\/4374\/revisions"}],"predecessor-version":[{"id":4403,"href":"https:\/\/becreative.ee\/en\/wp-json\/wp\/v2\/product\/4374\/revisions\/4403"}],"wp:featuredmedia":[{"embeddable":true,"href":"https:\/\/becreative.ee\/en\/wp-json\/wp\/v2\/media\/4402"}],"wp:attachment":[{"href":"https:\/\/becreative.ee\/en\/wp-json\/wp\/v2\/media?parent=4374"}],"wp:term":[{"taxonomy":"product_brand","embeddable":true,"href":"https:\/\/becreative.ee\/en\/wp-json\/wp\/v2\/product_brand?post=4374"},{"taxonomy":"product_cat","embeddable":true,"href":"https:\/\/becreative.ee\/en\/wp-json\/wp\/v2\/product_cat?post=4374"},{"taxonomy":"product_tag","embeddable":true,"href":"https:\/\/becreative.ee\/en\/wp-json\/wp\/v2\/product_tag?post=4374"}],"curies":[{"name":"wp","href":"https:\/\/api.w.org\/{rel}","templated":true}]}}