{"id":4380,"date":"2021-12-07T11:49:23","date_gmt":"2021-12-07T11:49:23","guid":{"rendered":"https:\/\/becreative.ee\/?post_type=product&#038;p=4380"},"modified":"2023-06-22T16:27:44","modified_gmt":"2023-06-22T16:27:44","slug":"torketikandi-kangas-250x250mm","status":"publish","type":"product","link":"https:\/\/becreative.ee\/en\/product\/torketikandi-kangas-250x250mm\/","title":{"rendered":"Torketikandi kangas 250x250mm"},"content":{"rendered":"<p>Spetsiaalne puuvillane kangas, mis on m\u00f5eldud torketingandi tegemiseks. Kanga m\u00f5\u00f5tmed on 250x250mm.<\/p>","protected":false},"excerpt":{"rendered":"<p>Spetsiaalne puuvillane kangas, mis on m\u00f5eldud torketingandi tegemiseks. Kanga m\u00f5\u00f5tmed on 250x250mm.<\/p>","protected":false},"featured_media":4381,"template":"","meta":[],"product_brand":[],"product_cat":[263,989,994,772],"product_tag":[],"class_list":{"0":"post-4380","1":"product","2":"type-product","3":"status-publish","4":"has-post-thumbnail","6":"product_cat-brandid","7":"product_cat-graine-creative","8":"product_cat-kangas","9":"product_cat-tikkimine","11":"first","12":"instock","13":"taxable","14":"shipping-taxable","15":"purchasable","16":"product-type-simple"},"jetpack_sharing_enabled":true,"_links":{"self":[{"href":"https:\/\/becreative.ee\/en\/wp-json\/wp\/v2\/product\/4380","targetHints":{"allow":["GET"]}}],"collection":[{"href":"https:\/\/becreative.ee\/en\/wp-json\/wp\/v2\/product"}],"about":[{"href":"https:\/\/becreative.ee\/en\/wp-json\/wp\/v2\/types\/product"}],"version-history":[{"count":2,"href":"https:\/\/becreative.ee\/en\/wp-json\/wp\/v2\/product\/4380\/revisions"}],"predecessor-version":[{"id":4383,"href":"https:\/\/becreative.ee\/en\/wp-json\/wp\/v2\/product\/4380\/revisions\/4383"}],"wp:featuredmedia":[{"embeddable":true,"href":"https:\/\/becreative.ee\/en\/wp-json\/wp\/v2\/media\/4381"}],"wp:attachment":[{"href":"https:\/\/becreative.ee\/en\/wp-json\/wp\/v2\/media?parent=4380"}],"wp:term":[{"taxonomy":"product_brand","embeddable":true,"href":"https:\/\/becreative.ee\/en\/wp-json\/wp\/v2\/product_brand?post=4380"},{"taxonomy":"product_cat","embeddable":true,"href":"https:\/\/becreative.ee\/en\/wp-json\/wp\/v2\/product_cat?post=4380"},{"taxonomy":"product_tag","embeddable":true,"href":"https:\/\/becreative.ee\/en\/wp-json\/wp\/v2\/product_tag?post=4380"}],"curies":[{"name":"wp","href":"https:\/\/api.w.org\/{rel}","templated":true}]}}