{"id":4384,"date":"2021-12-07T11:53:55","date_gmt":"2021-12-07T11:53:55","guid":{"rendered":"https:\/\/becreative.ee\/?post_type=product&#038;p=4384"},"modified":"2026-04-22T16:59:50","modified_gmt":"2026-04-22T16:59:50","slug":"torketikandi-kangas-600x500mm","status":"publish","type":"product","link":"https:\/\/becreative.ee\/en\/product\/torketikandi-kangas-600x500mm\/","title":{"rendered":"Torketikandi kangas 600x500mm"},"content":{"rendered":"<p>Spetsiaalne puuvillane kangas, mis on m\u00f5eldud torketingandi tegemiseks. Kanga m\u00f5\u00f5tmed on 600x500mm.<\/p>","protected":false},"excerpt":{"rendered":"<p>Spetsiaalne puuvillane kangas, mis on m\u00f5eldud torketingandi tegemiseks. Kanga m\u00f5\u00f5tmed on 600x500mm.<\/p>","protected":false},"featured_media":4398,"template":"","meta":[],"product_brand":[],"product_cat":[263,989,994,772],"product_tag":[],"class_list":{"0":"post-4384","1":"product","2":"type-product","3":"status-publish","4":"has-post-thumbnail","6":"product_cat-brandid","7":"product_cat-graine-creative","8":"product_cat-kangas","9":"product_cat-tikkimine","11":"first","12":"instock","13":"taxable","14":"shipping-taxable","15":"purchasable","16":"product-type-simple"},"jetpack_sharing_enabled":true,"_links":{"self":[{"href":"https:\/\/becreative.ee\/en\/wp-json\/wp\/v2\/product\/4384","targetHints":{"allow":["GET"]}}],"collection":[{"href":"https:\/\/becreative.ee\/en\/wp-json\/wp\/v2\/product"}],"about":[{"href":"https:\/\/becreative.ee\/en\/wp-json\/wp\/v2\/types\/product"}],"version-history":[{"count":1,"href":"https:\/\/becreative.ee\/en\/wp-json\/wp\/v2\/product\/4384\/revisions"}],"predecessor-version":[{"id":4385,"href":"https:\/\/becreative.ee\/en\/wp-json\/wp\/v2\/product\/4384\/revisions\/4385"}],"wp:featuredmedia":[{"embeddable":true,"href":"https:\/\/becreative.ee\/en\/wp-json\/wp\/v2\/media\/4398"}],"wp:attachment":[{"href":"https:\/\/becreative.ee\/en\/wp-json\/wp\/v2\/media?parent=4384"}],"wp:term":[{"taxonomy":"product_brand","embeddable":true,"href":"https:\/\/becreative.ee\/en\/wp-json\/wp\/v2\/product_brand?post=4384"},{"taxonomy":"product_cat","embeddable":true,"href":"https:\/\/becreative.ee\/en\/wp-json\/wp\/v2\/product_cat?post=4384"},{"taxonomy":"product_tag","embeddable":true,"href":"https:\/\/becreative.ee\/en\/wp-json\/wp\/v2\/product_tag?post=4384"}],"curies":[{"name":"wp","href":"https:\/\/api.w.org\/{rel}","templated":true}]}}