{"id":4386,"date":"2021-12-07T11:47:47","date_gmt":"2021-12-07T11:47:47","guid":{"rendered":"https:\/\/becreative.ee\/?post_type=product&#038;p=4386"},"modified":"2025-03-18T06:38:10","modified_gmt":"2025-03-18T06:38:10","slug":"graine-creative-torketikandi-tooriist","status":"publish","type":"product","link":"https:\/\/becreative.ee\/en\/product\/graine-creative-torketikandi-tooriist\/","title":{"rendered":"Graine Creative torketikandi t\u00f6\u00f6riist"},"content":{"rendered":"<p>Torketikandi t\u00f6\u00f6riista abil on v\u00f5imalik valmistada erinevaid toredaid pilte, padjakatteid v\u00f5i kaunistada r\u00f5ivaid. Puidust k\u00e4epidemega torketikandi t\u00f6\u00f6riist on m\u00f5eldud paksema l\u00f5ngaga tikkimiseks (5mm). Kaasas on spetsiaalne abivahend, l\u00f5nga paigaldamiseks.<\/p>","protected":false},"excerpt":{"rendered":"<p>Torketikandi t\u00f6\u00f6riista abil on v\u00f5imalik valmistada erinevaid toredaid pilte, padjakatteid v\u00f5i kaunistada r\u00f5ivaid. Puidust k\u00e4epidemega torketikandi t\u00f6\u00f6riist on m\u00f5eldud paksema l\u00f5ngaga tikkimiseks (5mm). Kaasas on spetsiaalne abivahend, l\u00f5nga paigaldamiseks.<\/p>","protected":false},"featured_media":4396,"template":"","meta":[],"product_brand":[],"product_cat":[263,989,772,777],"product_tag":[],"class_list":{"0":"post-4386","1":"product","2":"type-product","3":"status-publish","4":"has-post-thumbnail","6":"product_cat-brandid","7":"product_cat-graine-creative","8":"product_cat-tikkimine","9":"product_cat-torketikand","11":"first","12":"outofstock","13":"taxable","14":"shipping-taxable","15":"purchasable","16":"product-type-simple"},"jetpack_sharing_enabled":true,"_links":{"self":[{"href":"https:\/\/becreative.ee\/en\/wp-json\/wp\/v2\/product\/4386","targetHints":{"allow":["GET"]}}],"collection":[{"href":"https:\/\/becreative.ee\/en\/wp-json\/wp\/v2\/product"}],"about":[{"href":"https:\/\/becreative.ee\/en\/wp-json\/wp\/v2\/types\/product"}],"version-history":[{"count":2,"href":"https:\/\/becreative.ee\/en\/wp-json\/wp\/v2\/product\/4386\/revisions"}],"predecessor-version":[{"id":4397,"href":"https:\/\/becreative.ee\/en\/wp-json\/wp\/v2\/product\/4386\/revisions\/4397"}],"wp:featuredmedia":[{"embeddable":true,"href":"https:\/\/becreative.ee\/en\/wp-json\/wp\/v2\/media\/4396"}],"wp:attachment":[{"href":"https:\/\/becreative.ee\/en\/wp-json\/wp\/v2\/media?parent=4386"}],"wp:term":[{"taxonomy":"product_brand","embeddable":true,"href":"https:\/\/becreative.ee\/en\/wp-json\/wp\/v2\/product_brand?post=4386"},{"taxonomy":"product_cat","embeddable":true,"href":"https:\/\/becreative.ee\/en\/wp-json\/wp\/v2\/product_cat?post=4386"},{"taxonomy":"product_tag","embeddable":true,"href":"https:\/\/becreative.ee\/en\/wp-json\/wp\/v2\/product_tag?post=4386"}],"curies":[{"name":"wp","href":"https:\/\/api.w.org\/{rel}","templated":true}]}}