{"id":4389,"date":"2021-12-07T12:18:20","date_gmt":"2021-12-07T12:18:20","guid":{"rendered":"https:\/\/becreative.ee\/?post_type=product&#038;p=4389"},"modified":"2021-12-07T12:18:20","modified_gmt":"2021-12-07T12:18:20","slug":"tikkimisaukudega-puidust-karp","status":"publish","type":"product","link":"https:\/\/becreative.ee\/en\/product\/tikkimisaukudega-puidust-karp\/","title":{"rendered":"Tikkimisaukudega puidust karp"},"content":{"rendered":"<p>Puidust karbi pealmises osas asuvad pisikesed augud, mille kaunistamiseks on v\u00f5imalik kaanele tikkida erinevaid mustreid ja pilte. Karbi m\u00f5\u00f5tmed on 90x90x50mm. Peale kaunistamist sobib karp suurep\u00e4raselt ehete v\u00f5i pisikeste nipsasjakeste hoiustamiseks.<\/p>","protected":false},"excerpt":{"rendered":"<p>Puidust karbi pealmises osas asuvad pisikesed augud, mille kaunistamiseks on v\u00f5imalik kaanele tikkida erinevaid mustreid ja pilte. Karbi m\u00f5\u00f5tmed on 90x90x50mm. Peale kaunistamist sobib karp suurep\u00e4raselt ehete v\u00f5i pisikeste nipsasjakeste hoiustamiseks.<\/p>","protected":false},"featured_media":4390,"template":"","meta":[],"product_brand":[],"product_cat":[788,263,989,772,991,993],"product_tag":[],"class_list":{"0":"post-4389","1":"product","2":"type-product","3":"status-publish","4":"has-post-thumbnail","6":"product_cat-abivahendid","7":"product_cat-brandid","8":"product_cat-graine-creative","9":"product_cat-tikkimine","10":"product_cat-too-puiduga","11":"product_cat-toorikud","13":"first","14":"instock","15":"taxable","16":"shipping-taxable","17":"purchasable","18":"product-type-simple"},"jetpack_sharing_enabled":true,"_links":{"self":[{"href":"https:\/\/becreative.ee\/en\/wp-json\/wp\/v2\/product\/4389","targetHints":{"allow":["GET"]}}],"collection":[{"href":"https:\/\/becreative.ee\/en\/wp-json\/wp\/v2\/product"}],"about":[{"href":"https:\/\/becreative.ee\/en\/wp-json\/wp\/v2\/types\/product"}],"version-history":[{"count":1,"href":"https:\/\/becreative.ee\/en\/wp-json\/wp\/v2\/product\/4389\/revisions"}],"predecessor-version":[{"id":4391,"href":"https:\/\/becreative.ee\/en\/wp-json\/wp\/v2\/product\/4389\/revisions\/4391"}],"wp:featuredmedia":[{"embeddable":true,"href":"https:\/\/becreative.ee\/en\/wp-json\/wp\/v2\/media\/4390"}],"wp:attachment":[{"href":"https:\/\/becreative.ee\/en\/wp-json\/wp\/v2\/media?parent=4389"}],"wp:term":[{"taxonomy":"product_brand","embeddable":true,"href":"https:\/\/becreative.ee\/en\/wp-json\/wp\/v2\/product_brand?post=4389"},{"taxonomy":"product_cat","embeddable":true,"href":"https:\/\/becreative.ee\/en\/wp-json\/wp\/v2\/product_cat?post=4389"},{"taxonomy":"product_tag","embeddable":true,"href":"https:\/\/becreative.ee\/en\/wp-json\/wp\/v2\/product_tag?post=4389"}],"curies":[{"name":"wp","href":"https:\/\/api.w.org\/{rel}","templated":true}]}}