{"id":4393,"date":"2021-12-07T12:25:52","date_gmt":"2021-12-07T12:25:52","guid":{"rendered":"https:\/\/becreative.ee\/?post_type=product&#038;p=4393"},"modified":"2021-12-07T12:27:29","modified_gmt":"2021-12-07T12:27:29","slug":"tikkimiseks-moeldud-taheke","status":"publish","type":"product","link":"https:\/\/becreative.ee\/en\/product\/tikkimiseks-moeldud-taheke\/","title":{"rendered":"Tikkimiseks m\u00f5eldud t\u00e4heke"},"content":{"rendered":"<p>Kui on soov midagi kuusele ise valmistada, siis pisikeste aukudega t\u00e4heke sobib selleks suurep\u00e4raselt. T\u00f6\u00f6 valmib kiiresti ja t\u00e4hele tikkimisega saavad hakkama h\u00e4sti ka lapsed. Samas v\u00f5ib t\u00e4hekesega kaunistada unen\u00e4op\u00fc\u00fcdjaid v\u00f5i muid toa kaunistusi, k\u00f5ik oleneb juba tikkimiseks valitud v\u00e4rvidest ja mustritest. T\u00e4hekese m\u00f5\u00f5dud on 90x90x3mm.<\/p>","protected":false},"excerpt":{"rendered":"<p>Kui on soov midagi kuusele ise valmistada, siis pisikeste aukudega t\u00e4heke sobib selleks suurep\u00e4raselt. T\u00f6\u00f6 valmib kiiresti ja t\u00e4hele tikkimisega saavad hakkama h\u00e4sti ka lapsed. Samas v\u00f5ib t\u00e4hekesega kaunistada unen\u00e4op\u00fc\u00fcdjaid v\u00f5i muid toa kaunistusi, k\u00f5ik oleneb juba tikkimiseks valitud v\u00e4rvidest ja mustritest. T\u00e4hekese m\u00f5\u00f5dud on 90x90x3mm.<\/p>","protected":false},"featured_media":4394,"template":"","meta":[],"product_brand":[],"product_cat":[788,263,989,772,991,993],"product_tag":[],"class_list":{"0":"post-4393","1":"product","2":"type-product","3":"status-publish","4":"has-post-thumbnail","6":"product_cat-abivahendid","7":"product_cat-brandid","8":"product_cat-graine-creative","9":"product_cat-tikkimine","10":"product_cat-too-puiduga","11":"product_cat-toorikud","13":"first","14":"instock","15":"taxable","16":"shipping-taxable","17":"purchasable","18":"product-type-simple"},"jetpack_sharing_enabled":true,"_links":{"self":[{"href":"https:\/\/becreative.ee\/en\/wp-json\/wp\/v2\/product\/4393","targetHints":{"allow":["GET"]}}],"collection":[{"href":"https:\/\/becreative.ee\/en\/wp-json\/wp\/v2\/product"}],"about":[{"href":"https:\/\/becreative.ee\/en\/wp-json\/wp\/v2\/types\/product"}],"version-history":[{"count":3,"href":"https:\/\/becreative.ee\/en\/wp-json\/wp\/v2\/product\/4393\/revisions"}],"predecessor-version":[{"id":4405,"href":"https:\/\/becreative.ee\/en\/wp-json\/wp\/v2\/product\/4393\/revisions\/4405"}],"wp:featuredmedia":[{"embeddable":true,"href":"https:\/\/becreative.ee\/en\/wp-json\/wp\/v2\/media\/4394"}],"wp:attachment":[{"href":"https:\/\/becreative.ee\/en\/wp-json\/wp\/v2\/media?parent=4393"}],"wp:term":[{"taxonomy":"product_brand","embeddable":true,"href":"https:\/\/becreative.ee\/en\/wp-json\/wp\/v2\/product_brand?post=4393"},{"taxonomy":"product_cat","embeddable":true,"href":"https:\/\/becreative.ee\/en\/wp-json\/wp\/v2\/product_cat?post=4393"},{"taxonomy":"product_tag","embeddable":true,"href":"https:\/\/becreative.ee\/en\/wp-json\/wp\/v2\/product_tag?post=4393"}],"curies":[{"name":"wp","href":"https:\/\/api.w.org\/{rel}","templated":true}]}}