{"id":4412,"date":"2021-12-07T14:35:50","date_gmt":"2021-12-07T14:35:50","guid":{"rendered":"https:\/\/becreative.ee\/?post_type=product&#038;p=4412"},"modified":"2021-12-07T14:35:50","modified_gmt":"2021-12-07T14:35:50","slug":"seemisnahksed-lehviktutid","status":"publish","type":"product","link":"https:\/\/becreative.ee\/en\/product\/seemisnahksed-lehviktutid\/","title":{"rendered":"Seemisnahksed lehviktutid"},"content":{"rendered":"<p>Lehviktutid on m\u00f5eldud kasutamiseks erinevate projektide osana. N\u00e4itesk mitmesuguste kottide ja pinalite kaunistamiseks, v\u00f5tmehoidjate valmistamisel v\u00f5i riideesemetele lisamiseks. Pakendis on kaks 4cm pikkust lehviktutti.<\/p>","protected":false},"excerpt":{"rendered":"<p>Lehviktutid on m\u00f5eldud kasutamiseks erinevate projektide osana. N\u00e4itesk mitmesuguste kottide ja pinalite kaunistamiseks, v\u00f5tmehoidjate valmistamisel v\u00f5i riideesemetele lisamiseks. Pakendis on kaks 4cm pikkust lehviktutti.<\/p>","protected":false},"featured_media":4413,"template":"","meta":[],"product_brand":[],"product_cat":[263,989,279,585],"product_tag":[],"class_list":{"0":"post-4412","1":"product","2":"type-product","3":"status-publish","4":"has-post-thumbnail","6":"product_cat-brandid","7":"product_cat-graine-creative","8":"product_cat-kasitooks-vajalik","9":"product_cat-tutid","11":"first","12":"instock","13":"taxable","14":"shipping-taxable","15":"purchasable","16":"product-type-variable"},"jetpack_sharing_enabled":true,"_links":{"self":[{"href":"https:\/\/becreative.ee\/en\/wp-json\/wp\/v2\/product\/4412","targetHints":{"allow":["GET"]}}],"collection":[{"href":"https:\/\/becreative.ee\/en\/wp-json\/wp\/v2\/product"}],"about":[{"href":"https:\/\/becreative.ee\/en\/wp-json\/wp\/v2\/types\/product"}],"version-history":[{"count":1,"href":"https:\/\/becreative.ee\/en\/wp-json\/wp\/v2\/product\/4412\/revisions"}],"predecessor-version":[{"id":4414,"href":"https:\/\/becreative.ee\/en\/wp-json\/wp\/v2\/product\/4412\/revisions\/4414"}],"wp:featuredmedia":[{"embeddable":true,"href":"https:\/\/becreative.ee\/en\/wp-json\/wp\/v2\/media\/4413"}],"wp:attachment":[{"href":"https:\/\/becreative.ee\/en\/wp-json\/wp\/v2\/media?parent=4412"}],"wp:term":[{"taxonomy":"product_brand","embeddable":true,"href":"https:\/\/becreative.ee\/en\/wp-json\/wp\/v2\/product_brand?post=4412"},{"taxonomy":"product_cat","embeddable":true,"href":"https:\/\/becreative.ee\/en\/wp-json\/wp\/v2\/product_cat?post=4412"},{"taxonomy":"product_tag","embeddable":true,"href":"https:\/\/becreative.ee\/en\/wp-json\/wp\/v2\/product_tag?post=4412"}],"curies":[{"name":"wp","href":"https:\/\/api.w.org\/{rel}","templated":true}]}}