{"id":4423,"date":"2021-12-07T15:23:54","date_gmt":"2021-12-07T15:23:54","guid":{"rendered":"https:\/\/becreative.ee\/?post_type=product&#038;p=4423"},"modified":"2025-09-09T06:07:01","modified_gmt":"2025-09-09T06:07:01","slug":"varvilised-kinnitused","status":"publish","type":"product","link":"https:\/\/becreative.ee\/en\/product\/varvilised-kinnitused\/","title":{"rendered":"V\u00e4rvilised kinnitused"},"content":{"rendered":"<p>Neid, toredates v\u00e4rvides, kinnitusi saab kasutada v\u00f5tmehoidjate loomisel v\u00f5i kinnitada pisikesi loomakesi ja helkureid koti k\u00fclge. Kinnitus k\u00e4ib lahti kahest otsast.<\/p>","protected":false},"excerpt":{"rendered":"<p>Neid, toredates v\u00e4rvides, kinnitusi saab kasutada v\u00f5tmehoidjate loomisel v\u00f5i kinnitada pisikesi loomakesi ja helkureid koti k\u00fclge. Kinnitus k\u00e4ib lahti kahest otsast.<\/p>","protected":false},"featured_media":4424,"template":"","meta":[],"product_brand":[],"product_cat":[263,989,279,579],"product_tag":[],"class_list":{"0":"post-4423","1":"product","2":"type-product","3":"status-publish","4":"has-post-thumbnail","6":"product_cat-brandid","7":"product_cat-graine-creative","8":"product_cat-kasitooks-vajalik","9":"product_cat-kinnituskonksud","11":"first","12":"instock","13":"taxable","14":"shipping-taxable","15":"purchasable","16":"product-type-variable"},"jetpack_sharing_enabled":true,"_links":{"self":[{"href":"https:\/\/becreative.ee\/en\/wp-json\/wp\/v2\/product\/4423","targetHints":{"allow":["GET"]}}],"collection":[{"href":"https:\/\/becreative.ee\/en\/wp-json\/wp\/v2\/product"}],"about":[{"href":"https:\/\/becreative.ee\/en\/wp-json\/wp\/v2\/types\/product"}],"version-history":[{"count":1,"href":"https:\/\/becreative.ee\/en\/wp-json\/wp\/v2\/product\/4423\/revisions"}],"predecessor-version":[{"id":4425,"href":"https:\/\/becreative.ee\/en\/wp-json\/wp\/v2\/product\/4423\/revisions\/4425"}],"wp:featuredmedia":[{"embeddable":true,"href":"https:\/\/becreative.ee\/en\/wp-json\/wp\/v2\/media\/4424"}],"wp:attachment":[{"href":"https:\/\/becreative.ee\/en\/wp-json\/wp\/v2\/media?parent=4423"}],"wp:term":[{"taxonomy":"product_brand","embeddable":true,"href":"https:\/\/becreative.ee\/en\/wp-json\/wp\/v2\/product_brand?post=4423"},{"taxonomy":"product_cat","embeddable":true,"href":"https:\/\/becreative.ee\/en\/wp-json\/wp\/v2\/product_cat?post=4423"},{"taxonomy":"product_tag","embeddable":true,"href":"https:\/\/becreative.ee\/en\/wp-json\/wp\/v2\/product_tag?post=4423"}],"curies":[{"name":"wp","href":"https:\/\/api.w.org\/{rel}","templated":true}]}}