{"id":4435,"date":"2021-12-07T15:34:46","date_gmt":"2021-12-07T15:34:46","guid":{"rendered":"https:\/\/becreative.ee\/?post_type=product&#038;p=4435"},"modified":"2023-12-12T13:24:23","modified_gmt":"2023-12-12T13:24:23","slug":"puidust-rongas-35mm","status":"publish","type":"product","link":"https:\/\/becreative.ee\/en\/product\/puidust-rongas-35mm\/","title":{"rendered":"Puidust r\u00f5ngas 35mm"},"content":{"rendered":"<p>Puidust r\u00f5ngad sobivad erinevate k\u00e4sit\u00f6\u00f6projektide valmistamiseks. Tihti kasutatakse neid makramees, erinevate projektide osana. Pakendis on 7 puidust r\u00f5ngast diameetriga 35 mm.<\/p>","protected":false},"excerpt":{"rendered":"<p>Puidust r\u00f5ngad sobivad erinevate k\u00e4sit\u00f6\u00f6projektide valmistamiseks. Tihti kasutatakse neid makramees, erinevate projektide osana. Pakendis on 7 puidust r\u00f5ngast diameetriga 35 mm.<\/p>","protected":false},"featured_media":4436,"template":"","meta":[],"product_brand":[],"product_cat":[263,989,279,912,340,1273,914,991],"product_tag":[],"class_list":{"0":"post-4435","1":"product","2":"type-product","3":"status-publish","4":"has-post-thumbnail","6":"product_cat-brandid","7":"product_cat-graine-creative","8":"product_cat-kasitooks-vajalik","9":"product_cat-makramee","10":"product_cat-rongad","11":"product_cat-rongad-too-puiduga","12":"product_cat-rongad-makramee","13":"product_cat-too-puiduga","15":"first","16":"instock","17":"taxable","18":"shipping-taxable","19":"purchasable","20":"product-type-simple"},"jetpack_sharing_enabled":true,"_links":{"self":[{"href":"https:\/\/becreative.ee\/en\/wp-json\/wp\/v2\/product\/4435","targetHints":{"allow":["GET"]}}],"collection":[{"href":"https:\/\/becreative.ee\/en\/wp-json\/wp\/v2\/product"}],"about":[{"href":"https:\/\/becreative.ee\/en\/wp-json\/wp\/v2\/types\/product"}],"version-history":[{"count":2,"href":"https:\/\/becreative.ee\/en\/wp-json\/wp\/v2\/product\/4435\/revisions"}],"predecessor-version":[{"id":6229,"href":"https:\/\/becreative.ee\/en\/wp-json\/wp\/v2\/product\/4435\/revisions\/6229"}],"wp:featuredmedia":[{"embeddable":true,"href":"https:\/\/becreative.ee\/en\/wp-json\/wp\/v2\/media\/4436"}],"wp:attachment":[{"href":"https:\/\/becreative.ee\/en\/wp-json\/wp\/v2\/media?parent=4435"}],"wp:term":[{"taxonomy":"product_brand","embeddable":true,"href":"https:\/\/becreative.ee\/en\/wp-json\/wp\/v2\/product_brand?post=4435"},{"taxonomy":"product_cat","embeddable":true,"href":"https:\/\/becreative.ee\/en\/wp-json\/wp\/v2\/product_cat?post=4435"},{"taxonomy":"product_tag","embeddable":true,"href":"https:\/\/becreative.ee\/en\/wp-json\/wp\/v2\/product_tag?post=4435"}],"curies":[{"name":"wp","href":"https:\/\/api.w.org\/{rel}","templated":true}]}}