{"id":4439,"date":"2021-12-08T07:59:38","date_gmt":"2021-12-08T07:59:38","guid":{"rendered":"https:\/\/becreative.ee\/?post_type=product&#038;p=4439"},"modified":"2023-04-16T11:41:09","modified_gmt":"2023-04-16T11:41:09","slug":"varvilised-haaknoelad","status":"publish","type":"product","link":"https:\/\/becreative.ee\/en\/product\/varvilised-haaknoelad\/","title":{"rendered":"V\u00e4rvilised haakn\u00f5elad"},"content":{"rendered":"<p>Haakn\u00f5elu kasutatakse \u00fcldiselt erinevates t\u00f6\u00f6des abivahendina. N\u00e4iteks \u00f5mblemisel kummi paigaldamisel, ajutise kinnitusvahendina, kudumisel silmuste hoidmiseks jne. Kui tegu on aga v\u00e4rvikirevate haakn\u00f5eltega on kasutamise v\u00f5imalused veelgi laiemad. Sobivat v\u00e4rvi haakn\u00f5ela saab kasutada v\u00f5tmehoidjas, helkuri kinnitamisel, riiete kaunistamisel v\u00f5i ehtida sellega m\u00f5nda muud valmistatud t\u00f6\u00f6d. Pakis on 50 haakn\u00f5el.\u00a0 Haakn\u00f5ela pikkus on 27mm.<\/p>","protected":false},"excerpt":{"rendered":"<p>Haakn\u00f5elu kasutatakse \u00fcldiselt erinevates t\u00f6\u00f6des abivahendina. N\u00e4iteks \u00f5mblemisel kummi paigaldamisel, ajutise kinnitusvahendina, kudumisel silmuste hoidmiseks jne. Kui tegu on aga v\u00e4rvikirevate haakn\u00f5eltega on kasutamise v\u00f5imalused veelgi laiemad. Sobivat v\u00e4rvi haakn\u00f5ela saab kasutada v\u00f5tmehoidjas, helkuri kinnitamisel, riiete kaunistamisel v\u00f5i ehtida sellega m\u00f5nda muud valmistatud t\u00f6\u00f6d. Pakis on 50 haakn\u00f5el.\u00a0 Haakn\u00f5ela pikkus on 27mm.<\/p>","protected":false},"featured_media":4440,"template":"","meta":[],"product_brand":[],"product_cat":[263,989,279,786,940,932],"product_tag":[],"class_list":{"0":"post-4439","1":"product","2":"type-product","3":"status-publish","4":"has-post-thumbnail","6":"product_cat-brandid","7":"product_cat-graine-creative","8":"product_cat-kasitooks-vajalik","9":"product_cat-noelad-materjalid","10":"product_cat-noelad","11":"product_cat-omblemine","13":"first","14":"instock","15":"taxable","16":"shipping-taxable","17":"purchasable","18":"product-type-simple"},"jetpack_sharing_enabled":true,"_links":{"self":[{"href":"https:\/\/becreative.ee\/en\/wp-json\/wp\/v2\/product\/4439","targetHints":{"allow":["GET"]}}],"collection":[{"href":"https:\/\/becreative.ee\/en\/wp-json\/wp\/v2\/product"}],"about":[{"href":"https:\/\/becreative.ee\/en\/wp-json\/wp\/v2\/types\/product"}],"version-history":[{"count":1,"href":"https:\/\/becreative.ee\/en\/wp-json\/wp\/v2\/product\/4439\/revisions"}],"predecessor-version":[{"id":4441,"href":"https:\/\/becreative.ee\/en\/wp-json\/wp\/v2\/product\/4439\/revisions\/4441"}],"wp:featuredmedia":[{"embeddable":true,"href":"https:\/\/becreative.ee\/en\/wp-json\/wp\/v2\/media\/4440"}],"wp:attachment":[{"href":"https:\/\/becreative.ee\/en\/wp-json\/wp\/v2\/media?parent=4439"}],"wp:term":[{"taxonomy":"product_brand","embeddable":true,"href":"https:\/\/becreative.ee\/en\/wp-json\/wp\/v2\/product_brand?post=4439"},{"taxonomy":"product_cat","embeddable":true,"href":"https:\/\/becreative.ee\/en\/wp-json\/wp\/v2\/product_cat?post=4439"},{"taxonomy":"product_tag","embeddable":true,"href":"https:\/\/becreative.ee\/en\/wp-json\/wp\/v2\/product_tag?post=4439"}],"curies":[{"name":"wp","href":"https:\/\/api.w.org\/{rel}","templated":true}]}}