{"id":4442,"date":"2021-12-08T08:18:48","date_gmt":"2021-12-08T08:18:48","guid":{"rendered":"https:\/\/becreative.ee\/?post_type=product&#038;p=4442"},"modified":"2021-12-08T08:18:48","modified_gmt":"2021-12-08T08:18:48","slug":"abivahend-kuunlatahi-paigaldamiseks","status":"publish","type":"product","link":"https:\/\/becreative.ee\/en\/product\/abivahend-kuunlatahi-paigaldamiseks\/","title":{"rendered":"Abivahend k\u00fc\u00fcnlatahi paigaldamiseks"},"content":{"rendered":"<p>Kui olete sattunud k\u00fc\u00fcnlavalmistamise lummusesse, siis selle abivahendiga muutub t\u00f6\u00f6 palju lihtsamaks. Asetage metallist abivahend vormile ning torgake k\u00fc\u00fcnlataht sellest l\u00e4bi. Abivahendi m\u00f5\u00f5tmed on 10,2&#215;2,5cm. Augud on diameetrile 63mm, 75mm ning 85mm. Pakendis on kaks k\u00fc\u00fcnlatahi paigaldamise abivahendit.<\/p>","protected":false},"excerpt":{"rendered":"<p>Kui olete sattunud k\u00fc\u00fcnlavalmistamise lummusesse, siis selle abivahendiga muutub t\u00f6\u00f6 palju lihtsamaks. Asetage metallist abivahend vormile ning torgake k\u00fc\u00fcnlataht sellest l\u00e4bi. Abivahendi m\u00f5\u00f5tmed on 10,2&#215;2,5cm. Augud on diameetrile 63mm, 75mm ning 85mm. Pakendis on kaks k\u00fc\u00fcnlatahi paigaldamise abivahendit.<\/p>","protected":false},"featured_media":4443,"template":"","meta":[],"product_brand":[],"product_cat":[263,989,1005,1006],"product_tag":[],"class_list":{"0":"post-4442","1":"product","2":"type-product","3":"status-publish","4":"has-post-thumbnail","6":"product_cat-brandid","7":"product_cat-graine-creative","8":"product_cat-kuunalde-valmistamine","9":"product_cat-tooriistad-kuunalde-valmistamine","11":"first","12":"instock","13":"taxable","14":"shipping-taxable","15":"purchasable","16":"product-type-simple"},"jetpack_sharing_enabled":true,"_links":{"self":[{"href":"https:\/\/becreative.ee\/en\/wp-json\/wp\/v2\/product\/4442","targetHints":{"allow":["GET"]}}],"collection":[{"href":"https:\/\/becreative.ee\/en\/wp-json\/wp\/v2\/product"}],"about":[{"href":"https:\/\/becreative.ee\/en\/wp-json\/wp\/v2\/types\/product"}],"version-history":[{"count":1,"href":"https:\/\/becreative.ee\/en\/wp-json\/wp\/v2\/product\/4442\/revisions"}],"predecessor-version":[{"id":4445,"href":"https:\/\/becreative.ee\/en\/wp-json\/wp\/v2\/product\/4442\/revisions\/4445"}],"wp:featuredmedia":[{"embeddable":true,"href":"https:\/\/becreative.ee\/en\/wp-json\/wp\/v2\/media\/4443"}],"wp:attachment":[{"href":"https:\/\/becreative.ee\/en\/wp-json\/wp\/v2\/media?parent=4442"}],"wp:term":[{"taxonomy":"product_brand","embeddable":true,"href":"https:\/\/becreative.ee\/en\/wp-json\/wp\/v2\/product_brand?post=4442"},{"taxonomy":"product_cat","embeddable":true,"href":"https:\/\/becreative.ee\/en\/wp-json\/wp\/v2\/product_cat?post=4442"},{"taxonomy":"product_tag","embeddable":true,"href":"https:\/\/becreative.ee\/en\/wp-json\/wp\/v2\/product_tag?post=4442"}],"curies":[{"name":"wp","href":"https:\/\/api.w.org\/{rel}","templated":true}]}}