{"id":4451,"date":"2021-12-08T09:06:36","date_gmt":"2021-12-08T09:06:36","guid":{"rendered":"https:\/\/becreative.ee\/?post_type=product&#038;p=4451"},"modified":"2024-02-03T09:18:18","modified_gmt":"2024-02-03T09:18:18","slug":"roosi-lohnaga-kuunalde-valmistamise-komplekt","status":"publish","type":"product","link":"https:\/\/becreative.ee\/en\/product\/roosi-lohnaga-kuunalde-valmistamise-komplekt\/","title":{"rendered":"Roosi l\u00f5hnaga k\u00fc\u00fcnalde valmistamise komplekt"},"content":{"rendered":"<p>Kui olete m\u00f5elnud, et tahaks proovida valmistada k\u00fc\u00fcnlaid aga algust on raske teha, siis selles komplektis on k\u00f5ik vajalik, et oma esimesed k\u00fc\u00fcnlad valmis teha. Samuti on see suurep\u00e4rane toode kinkimiseks. Toote puhul on inspiratsiooni saadud taaskasutusest ja just sellel p\u00f5hjusel on v\u00f5imalik kasutada kodus olevaid purke.<\/p>\n<p>&nbsp;<\/p>\n<p>Komplekt sisaldab:<\/p>\n<ul>\n<li>300g sojavaha<\/li>\n<li>1 pudel roosi l\u00f5hna (27ml)<\/li>\n<li>1m tahti<\/li>\n<li>kotikest vaha sulatamiseks (vaha on juba selle sisse pakitud)<\/li>\n<li>looduslikke kaunistusvahendeid (roosi pungad, kanarbik, rukkilill)<\/li>\n<li>juhendit (inglise keelne)<\/li>\n<\/ul>","protected":false},"excerpt":{"rendered":"<p>Kui olete m\u00f5elnud, et tahaks proovida valmistada k\u00fc\u00fcnlaid aga algust on raske teha, siis selles komplektis on k\u00f5ik vajalik, et oma esimesed k\u00fc\u00fcnlad valmis teha. Samuti on see suurep\u00e4rane toode kinkimiseks. Toote puhul on inspiratsiooni saadud taaskasutusest ja just sellel p\u00f5hjusel on v\u00f5imalik kasutada kodus olevaid purke.<\/p>\n<p>&nbsp;<\/p>\n<p>Komplekt sisaldab:<\/p>\n<ul>\n<li>300g sojavaha<\/li>\n<li>1 pudel roosi l\u00f5hna (27ml)<\/li>\n<li>1m tahti<\/li>\n<li>kotikest vaha sulatamiseks (vaha on juba selle sisse pakitud)<\/li>\n<li>looduslikke kaunistusvahendeid (roosi pungad, kanarbik, rukkilill)<\/li>\n<li>juhendit (inglise keelne)<\/li>\n<\/ul>","protected":false},"featured_media":4452,"template":"","meta":[],"product_brand":[],"product_cat":[263,989,1007,1005],"product_tag":[],"class_list":{"0":"post-4451","1":"product","2":"type-product","3":"status-publish","4":"has-post-thumbnail","6":"product_cat-brandid","7":"product_cat-graine-creative","8":"product_cat-komplektid","9":"product_cat-kuunalde-valmistamine","11":"first","12":"instock","13":"taxable","14":"shipping-taxable","15":"purchasable","16":"product-type-simple"},"jetpack_sharing_enabled":true,"_links":{"self":[{"href":"https:\/\/becreative.ee\/en\/wp-json\/wp\/v2\/product\/4451","targetHints":{"allow":["GET"]}}],"collection":[{"href":"https:\/\/becreative.ee\/en\/wp-json\/wp\/v2\/product"}],"about":[{"href":"https:\/\/becreative.ee\/en\/wp-json\/wp\/v2\/types\/product"}],"version-history":[{"count":1,"href":"https:\/\/becreative.ee\/en\/wp-json\/wp\/v2\/product\/4451\/revisions"}],"predecessor-version":[{"id":4453,"href":"https:\/\/becreative.ee\/en\/wp-json\/wp\/v2\/product\/4451\/revisions\/4453"}],"wp:featuredmedia":[{"embeddable":true,"href":"https:\/\/becreative.ee\/en\/wp-json\/wp\/v2\/media\/4452"}],"wp:attachment":[{"href":"https:\/\/becreative.ee\/en\/wp-json\/wp\/v2\/media?parent=4451"}],"wp:term":[{"taxonomy":"product_brand","embeddable":true,"href":"https:\/\/becreative.ee\/en\/wp-json\/wp\/v2\/product_brand?post=4451"},{"taxonomy":"product_cat","embeddable":true,"href":"https:\/\/becreative.ee\/en\/wp-json\/wp\/v2\/product_cat?post=4451"},{"taxonomy":"product_tag","embeddable":true,"href":"https:\/\/becreative.ee\/en\/wp-json\/wp\/v2\/product_tag?post=4451"}],"curies":[{"name":"wp","href":"https:\/\/api.w.org\/{rel}","templated":true}]}}