{"id":4460,"date":"2021-12-08T10:16:46","date_gmt":"2021-12-08T10:16:46","guid":{"rendered":"https:\/\/becreative.ee\/?post_type=product&#038;p=4460"},"modified":"2023-10-24T09:40:21","modified_gmt":"2023-10-24T09:40:21","slug":"heegeldatud-kitsekese-komplekt","status":"publish","type":"product","link":"https:\/\/becreative.ee\/en\/product\/heegeldatud-kitsekese-komplekt\/","title":{"rendered":"Heegeldatud kitsekese komplekt"},"content":{"rendered":"<p>Sooviksite heegeldada midagi armsat, kuid samas ei soovi osta hunnik l\u00f5ngu, mis hiljem vedelema j\u00e4\u00e4vad. Siin on lahendus. Spetsiaalne komplekt heegeldamiseks, milles olevad materjali kogused on arvestatud kindla heegeldust\u00f6\u00f6 jaoks.<\/p>\n<p>&nbsp;<\/p>\n<p>Komplekt sisaldab:<\/p>\n<ul>\n<li>heegeln\u00f5ela (3,5mm)<\/li>\n<li>turvasilmasid<\/li>\n<li>kahte avatud silmuste markerit<\/li>\n<li>n\u00f5ela<\/li>\n<li>t\u00e4idet<\/li>\n<li>l\u00f5nga (88m erinevaid v\u00e4rve vastavalt kulule)<\/li>\n<li>juhendit (inglise keeles)<\/li>\n<\/ul>","protected":false},"excerpt":{"rendered":"<p>Sooviksite heegeldada midagi armsat, kuid samas ei soovi osta hunnik l\u00f5ngu, mis hiljem vedelema j\u00e4\u00e4vad. Siin on lahendus. Spetsiaalne komplekt heegeldamiseks, milles olevad materjali kogused on arvestatud kindla heegeldust\u00f6\u00f6 jaoks.<\/p>\n<p>&nbsp;<\/p>\n<p>Komplekt sisaldab:<\/p>\n<ul>\n<li>heegeln\u00f5ela (3,5mm)<\/li>\n<li>turvasilmasid<\/li>\n<li>kahte avatud silmuste markerit<\/li>\n<li>n\u00f5ela<\/li>\n<li>t\u00e4idet<\/li>\n<li>l\u00f5nga (88m erinevaid v\u00e4rve vastavalt kulule)<\/li>\n<li>juhendit (inglise keeles)<\/li>\n<\/ul>","protected":false},"featured_media":4461,"template":"","meta":[],"product_brand":[],"product_cat":[263,989,783,1008,1009,17],"product_tag":[],"class_list":{"0":"post-4460","1":"product","2":"type-product","3":"status-publish","4":"has-post-thumbnail","6":"product_cat-brandid","7":"product_cat-graine-creative","8":"product_cat-heegeldamine","9":"product_cat-komplektid-manguasjadevalmistamine","10":"product_cat-komplektid-heegeldamine","11":"product_cat-manguasjadevalmistamine","13":"first","14":"outofstock","15":"taxable","16":"shipping-taxable","17":"purchasable","18":"product-type-simple"},"jetpack_sharing_enabled":true,"_links":{"self":[{"href":"https:\/\/becreative.ee\/en\/wp-json\/wp\/v2\/product\/4460","targetHints":{"allow":["GET"]}}],"collection":[{"href":"https:\/\/becreative.ee\/en\/wp-json\/wp\/v2\/product"}],"about":[{"href":"https:\/\/becreative.ee\/en\/wp-json\/wp\/v2\/types\/product"}],"version-history":[{"count":1,"href":"https:\/\/becreative.ee\/en\/wp-json\/wp\/v2\/product\/4460\/revisions"}],"predecessor-version":[{"id":4462,"href":"https:\/\/becreative.ee\/en\/wp-json\/wp\/v2\/product\/4460\/revisions\/4462"}],"wp:featuredmedia":[{"embeddable":true,"href":"https:\/\/becreative.ee\/en\/wp-json\/wp\/v2\/media\/4461"}],"wp:attachment":[{"href":"https:\/\/becreative.ee\/en\/wp-json\/wp\/v2\/media?parent=4460"}],"wp:term":[{"taxonomy":"product_brand","embeddable":true,"href":"https:\/\/becreative.ee\/en\/wp-json\/wp\/v2\/product_brand?post=4460"},{"taxonomy":"product_cat","embeddable":true,"href":"https:\/\/becreative.ee\/en\/wp-json\/wp\/v2\/product_cat?post=4460"},{"taxonomy":"product_tag","embeddable":true,"href":"https:\/\/becreative.ee\/en\/wp-json\/wp\/v2\/product_tag?post=4460"}],"curies":[{"name":"wp","href":"https:\/\/api.w.org\/{rel}","templated":true}]}}