{"id":4472,"date":"2021-12-08T13:27:03","date_gmt":"2021-12-08T13:27:03","guid":{"rendered":"https:\/\/becreative.ee\/?post_type=product&#038;p=4472"},"modified":"2021-12-08T13:27:03","modified_gmt":"2021-12-08T13:27:03","slug":"graine-creative-litrid","status":"publish","type":"product","link":"https:\/\/becreative.ee\/en\/product\/graine-creative-litrid\/","title":{"rendered":"Graine Creative litrid"},"content":{"rendered":"<p>Litreid on v\u00f5imalik kasutada \u00f5mblust\u00f6\u00f6des, kudumises ja heegeldamises, tikkimises ning isegi kaartide valmistamisel. Pakendis on ligikaudu 4 000 litrit l\u00e4bim\u00f5\u00f5duga 6mm.<\/p>","protected":false},"excerpt":{"rendered":"<p>Litreid on v\u00f5imalik kasutada \u00f5mblust\u00f6\u00f6des, kudumises ja heegeldamises, tikkimises ning isegi kaartide valmistamisel. Pakendis on ligikaudu 4 000 litrit l\u00e4bim\u00f5\u00f5duga 6mm.<\/p>","protected":false},"featured_media":4468,"template":"","meta":[],"product_brand":[],"product_cat":[263,989,279],"product_tag":[],"class_list":{"0":"post-4472","1":"product","2":"type-product","3":"status-publish","4":"has-post-thumbnail","6":"product_cat-brandid","7":"product_cat-graine-creative","8":"product_cat-kasitooks-vajalik","10":"first","11":"instock","12":"taxable","13":"shipping-taxable","14":"purchasable","15":"product-type-variable"},"jetpack_sharing_enabled":true,"_links":{"self":[{"href":"https:\/\/becreative.ee\/en\/wp-json\/wp\/v2\/product\/4472","targetHints":{"allow":["GET"]}}],"collection":[{"href":"https:\/\/becreative.ee\/en\/wp-json\/wp\/v2\/product"}],"about":[{"href":"https:\/\/becreative.ee\/en\/wp-json\/wp\/v2\/types\/product"}],"version-history":[{"count":1,"href":"https:\/\/becreative.ee\/en\/wp-json\/wp\/v2\/product\/4472\/revisions"}],"predecessor-version":[{"id":4477,"href":"https:\/\/becreative.ee\/en\/wp-json\/wp\/v2\/product\/4472\/revisions\/4477"}],"wp:featuredmedia":[{"embeddable":true,"href":"https:\/\/becreative.ee\/en\/wp-json\/wp\/v2\/media\/4468"}],"wp:attachment":[{"href":"https:\/\/becreative.ee\/en\/wp-json\/wp\/v2\/media?parent=4472"}],"wp:term":[{"taxonomy":"product_brand","embeddable":true,"href":"https:\/\/becreative.ee\/en\/wp-json\/wp\/v2\/product_brand?post=4472"},{"taxonomy":"product_cat","embeddable":true,"href":"https:\/\/becreative.ee\/en\/wp-json\/wp\/v2\/product_cat?post=4472"},{"taxonomy":"product_tag","embeddable":true,"href":"https:\/\/becreative.ee\/en\/wp-json\/wp\/v2\/product_tag?post=4472"}],"curies":[{"name":"wp","href":"https:\/\/api.w.org\/{rel}","templated":true}]}}