{"id":4481,"date":"2021-12-09T12:46:16","date_gmt":"2021-12-09T12:46:16","guid":{"rendered":"https:\/\/becreative.ee\/?post_type=product&#038;p=4481"},"modified":"2024-01-18T13:41:37","modified_gmt":"2024-01-18T13:41:37","slug":"kuumaohupustol-kasitooks","status":"publish","type":"product","link":"https:\/\/becreative.ee\/en\/product\/kuumaohupustol-kasitooks\/","title":{"rendered":"Kuuma\u00f5hup\u00fcstol k\u00e4sit\u00f6\u00f6ks"},"content":{"rendered":"<p>K\u00e4sit\u00f6\u00f6s kasutatakse kuuma\u00f5hup\u00fcstolit k\u00f5ige sagedamini pabirit\u00f6\u00f6s, kus sellega sulatatakse reljeefpulbrit v\u00f5i kiirendatakse m\u00e4rjaks tehtud paberi v\u00f5i templiv\u00e4rvi kuivamist. Samuti sobib kuuma\u00f5hup\u00fcstol kahaneva plastiku kuumutamiseks ning Fimo Liquid kiiremaks kuivatamiseks. Kuuma\u00f5hup\u00fcstolit saab kasutada templite valmistamisel kuumutades sellega vahtplasti.<\/p>","protected":false},"excerpt":{"rendered":"<p>K\u00e4sit\u00f6\u00f6s kasutatakse kuuma\u00f5hup\u00fcstolit k\u00f5ige sagedamini pabirit\u00f6\u00f6s, kus sellega sulatatakse reljeefpulbrit v\u00f5i kiirendatakse m\u00e4rjaks tehtud paberi v\u00f5i templiv\u00e4rvi kuivamist. Samuti sobib kuuma\u00f5hup\u00fcstol kahaneva plastiku kuumutamiseks ning Fimo Liquid kiiremaks kuivatamiseks. Kuuma\u00f5hup\u00fcstolit saab kasutada templite valmistamisel kuumutades sellega vahtplasti.<\/p>","protected":false},"featured_media":4482,"template":"","meta":[],"product_brand":[],"product_cat":[263,989,1014,1015],"product_tag":[],"class_list":{"0":"post-4481","1":"product","2":"type-product","3":"status-publish","4":"has-post-thumbnail","6":"product_cat-brandid","7":"product_cat-graine-creative","8":"product_cat-tood-paberiga","9":"product_cat-tooriistad-tood-paberiga","11":"first","12":"instock","13":"taxable","14":"shipping-taxable","15":"purchasable","16":"product-type-simple"},"jetpack_sharing_enabled":true,"_links":{"self":[{"href":"https:\/\/becreative.ee\/en\/wp-json\/wp\/v2\/product\/4481","targetHints":{"allow":["GET"]}}],"collection":[{"href":"https:\/\/becreative.ee\/en\/wp-json\/wp\/v2\/product"}],"about":[{"href":"https:\/\/becreative.ee\/en\/wp-json\/wp\/v2\/types\/product"}],"version-history":[{"count":1,"href":"https:\/\/becreative.ee\/en\/wp-json\/wp\/v2\/product\/4481\/revisions"}],"predecessor-version":[{"id":4483,"href":"https:\/\/becreative.ee\/en\/wp-json\/wp\/v2\/product\/4481\/revisions\/4483"}],"wp:featuredmedia":[{"embeddable":true,"href":"https:\/\/becreative.ee\/en\/wp-json\/wp\/v2\/media\/4482"}],"wp:attachment":[{"href":"https:\/\/becreative.ee\/en\/wp-json\/wp\/v2\/media?parent=4481"}],"wp:term":[{"taxonomy":"product_brand","embeddable":true,"href":"https:\/\/becreative.ee\/en\/wp-json\/wp\/v2\/product_brand?post=4481"},{"taxonomy":"product_cat","embeddable":true,"href":"https:\/\/becreative.ee\/en\/wp-json\/wp\/v2\/product_cat?post=4481"},{"taxonomy":"product_tag","embeddable":true,"href":"https:\/\/becreative.ee\/en\/wp-json\/wp\/v2\/product_tag?post=4481"}],"curies":[{"name":"wp","href":"https:\/\/api.w.org\/{rel}","templated":true}]}}