{"id":4502,"date":"2022-01-14T17:55:42","date_gmt":"2022-01-14T17:55:42","guid":{"rendered":"https:\/\/becreative.ee\/?post_type=product&#038;p=4502"},"modified":"2025-03-13T08:30:48","modified_gmt":"2025-03-13T08:30:48","slug":"sudamekujulised-raamid","status":"publish","type":"product","link":"https:\/\/becreative.ee\/en\/product\/sudamekujulised-raamid\/","title":{"rendered":"S\u00fcdamekujulised raamid"},"content":{"rendered":"<p>Kolmest s\u00fcdamekujulisest raamist koosnev komplekt on m\u00f5eldud makramee- ja teiste isetegemisprojektide tarbeks. Raamid on valmistatud 100% \u00fcmbert\u00f6\u00f6deldud majapidamisplastikust (PET). Komplekti kuulub kolm erineva suurusega raami ( 10, 15 ning 20cm). V\u00e4rvus: uduhall.<\/p>","protected":false},"excerpt":{"rendered":"<p>Kolmest s\u00fcdamekujulisest raamist koosnev komplekt on m\u00f5eldud makramee- ja teiste isetegemisprojektide tarbeks. Raamid on valmistatud 100% \u00fcmbert\u00f6\u00f6deldud majapidamisplastikust (PET). Komplekti kuulub kolm erineva suurusega raami ( 10, 15 ning 20cm). V\u00e4rvus: uduhall.<\/p>","protected":false},"featured_media":4503,"template":"","meta":[],"product_brand":[],"product_cat":[263,270,279,912,340,914],"product_tag":[],"class_list":{"0":"post-4502","1":"product","2":"type-product","3":"status-publish","4":"has-post-thumbnail","6":"product_cat-brandid","7":"product_cat-hoooked","8":"product_cat-kasitooks-vajalik","9":"product_cat-makramee","10":"product_cat-rongad","11":"product_cat-rongad-makramee","13":"first","14":"instock","15":"taxable","16":"shipping-taxable","17":"purchasable","18":"product-type-simple"},"jetpack_sharing_enabled":true,"_links":{"self":[{"href":"https:\/\/becreative.ee\/en\/wp-json\/wp\/v2\/product\/4502","targetHints":{"allow":["GET"]}}],"collection":[{"href":"https:\/\/becreative.ee\/en\/wp-json\/wp\/v2\/product"}],"about":[{"href":"https:\/\/becreative.ee\/en\/wp-json\/wp\/v2\/types\/product"}],"version-history":[{"count":1,"href":"https:\/\/becreative.ee\/en\/wp-json\/wp\/v2\/product\/4502\/revisions"}],"predecessor-version":[{"id":4504,"href":"https:\/\/becreative.ee\/en\/wp-json\/wp\/v2\/product\/4502\/revisions\/4504"}],"wp:featuredmedia":[{"embeddable":true,"href":"https:\/\/becreative.ee\/en\/wp-json\/wp\/v2\/media\/4503"}],"wp:attachment":[{"href":"https:\/\/becreative.ee\/en\/wp-json\/wp\/v2\/media?parent=4502"}],"wp:term":[{"taxonomy":"product_brand","embeddable":true,"href":"https:\/\/becreative.ee\/en\/wp-json\/wp\/v2\/product_brand?post=4502"},{"taxonomy":"product_cat","embeddable":true,"href":"https:\/\/becreative.ee\/en\/wp-json\/wp\/v2\/product_cat?post=4502"},{"taxonomy":"product_tag","embeddable":true,"href":"https:\/\/becreative.ee\/en\/wp-json\/wp\/v2\/product_tag?post=4502"}],"curies":[{"name":"wp","href":"https:\/\/api.w.org\/{rel}","templated":true}]}}