{"id":4508,"date":"2022-01-14T18:00:33","date_gmt":"2022-01-14T18:00:33","guid":{"rendered":"https:\/\/becreative.ee\/?post_type=product&#038;p=4508"},"modified":"2025-03-13T08:31:46","modified_gmt":"2025-03-13T08:31:46","slug":"kuukujulised-raamid","status":"publish","type":"product","link":"https:\/\/becreative.ee\/en\/product\/kuukujulised-raamid\/","title":{"rendered":"Kuukujulised raamid"},"content":{"rendered":"<p>Kolmest kuukujulisest raamist koosnev komplekt on m\u00f5eldud makramee- ja teiste isetegemisprojektide tarbeks. Raamid on valmistatud 100% \u00fcmbert\u00f6\u00f6deldud majapidamisplastikust (PET). Komplekti kuulub kolm erineva suurusega raami ( 10, 15 ning 20cm). V\u00e4rvus: uduhall.<\/p>","protected":false},"excerpt":{"rendered":"<p>Kolmest kuukujulisest raamist koosnev komplekt on m\u00f5eldud makramee- ja teiste isetegemisprojektide tarbeks. Raamid on valmistatud 100% \u00fcmbert\u00f6\u00f6deldud majapidamisplastikust (PET). Komplekti kuulub kolm erineva suurusega raami ( 10, 15 ning 20cm). V\u00e4rvus: uduhall.<\/p>","protected":false},"featured_media":4510,"template":"","meta":[],"product_brand":[],"product_cat":[263,270,279,912,340,914],"product_tag":[],"class_list":{"0":"post-4508","1":"product","2":"type-product","3":"status-publish","4":"has-post-thumbnail","6":"product_cat-brandid","7":"product_cat-hoooked","8":"product_cat-kasitooks-vajalik","9":"product_cat-makramee","10":"product_cat-rongad","11":"product_cat-rongad-makramee","13":"first","14":"instock","15":"taxable","16":"shipping-taxable","17":"purchasable","18":"product-type-simple"},"jetpack_sharing_enabled":true,"_links":{"self":[{"href":"https:\/\/becreative.ee\/en\/wp-json\/wp\/v2\/product\/4508","targetHints":{"allow":["GET"]}}],"collection":[{"href":"https:\/\/becreative.ee\/en\/wp-json\/wp\/v2\/product"}],"about":[{"href":"https:\/\/becreative.ee\/en\/wp-json\/wp\/v2\/types\/product"}],"version-history":[{"count":2,"href":"https:\/\/becreative.ee\/en\/wp-json\/wp\/v2\/product\/4508\/revisions"}],"predecessor-version":[{"id":4511,"href":"https:\/\/becreative.ee\/en\/wp-json\/wp\/v2\/product\/4508\/revisions\/4511"}],"wp:featuredmedia":[{"embeddable":true,"href":"https:\/\/becreative.ee\/en\/wp-json\/wp\/v2\/media\/4510"}],"wp:attachment":[{"href":"https:\/\/becreative.ee\/en\/wp-json\/wp\/v2\/media?parent=4508"}],"wp:term":[{"taxonomy":"product_brand","embeddable":true,"href":"https:\/\/becreative.ee\/en\/wp-json\/wp\/v2\/product_brand?post=4508"},{"taxonomy":"product_cat","embeddable":true,"href":"https:\/\/becreative.ee\/en\/wp-json\/wp\/v2\/product_cat?post=4508"},{"taxonomy":"product_tag","embeddable":true,"href":"https:\/\/becreative.ee\/en\/wp-json\/wp\/v2\/product_tag?post=4508"}],"curies":[{"name":"wp","href":"https:\/\/api.w.org\/{rel}","templated":true}]}}