{"id":4512,"date":"2022-01-14T17:54:30","date_gmt":"2022-01-14T17:54:30","guid":{"rendered":"https:\/\/becreative.ee\/?post_type=product&#038;p=4512"},"modified":"2024-01-04T12:54:04","modified_gmt":"2024-01-04T12:54:04","slug":"bambusest-noopnoelad","status":"publish","type":"product","link":"https:\/\/becreative.ee\/en\/product\/bambusest-noopnoelad\/","title":{"rendered":"Bambusest n\u00f6\u00f6pn\u00f5elad"},"content":{"rendered":"<p>Bambusest n\u00f6\u00f6pn\u00f5elad on valmistatud k\u00e4sitsi Jaapani k\u00e4sit\u00f6\u00f6liste poolt. N\u00f5elad on m\u00f5eldud heegeldamisel ning kudumisel silmuste m\u00e4rkimiseks. Eriti h\u00e4sti sobivad need paksema l\u00f5ngaga t\u00f6\u00f6tades. Bambusest n\u00f5el p\u00fcsib l\u00f5ngas h\u00e4sti ja ei libise sealt v\u00e4lja. Komplekti kuulub 10 n\u00f5ela.<\/p>","protected":false},"excerpt":{"rendered":"<p>Bambusest n\u00f6\u00f6pn\u00f5elad on valmistatud k\u00e4sitsi Jaapani k\u00e4sit\u00f6\u00f6liste poolt. N\u00f5elad on m\u00f5eldud heegeldamisel ning kudumisel silmuste m\u00e4rkimiseks. Eriti h\u00e4sti sobivad need paksema l\u00f5ngaga t\u00f6\u00f6tades. Bambusest n\u00f5el p\u00fcsib l\u00f5ngas h\u00e4sti ja ei libise sealt v\u00e4lja. Komplekti kuulub 10 n\u00f5ela.<\/p>","protected":false},"featured_media":4513,"template":"","meta":[],"product_brand":[],"product_cat":[263,783,270,782,792,793],"product_tag":[],"class_list":{"0":"post-4512","1":"product","2":"type-product","3":"status-publish","4":"has-post-thumbnail","6":"product_cat-brandid","7":"product_cat-heegeldamine","8":"product_cat-hoooked","9":"product_cat-kudumine","10":"product_cat-markerid-heegeldamine","11":"product_cat-markerid-kudumine","13":"first","14":"instock","15":"taxable","16":"shipping-taxable","17":"purchasable","18":"product-type-simple"},"jetpack_sharing_enabled":true,"_links":{"self":[{"href":"https:\/\/becreative.ee\/en\/wp-json\/wp\/v2\/product\/4512","targetHints":{"allow":["GET"]}}],"collection":[{"href":"https:\/\/becreative.ee\/en\/wp-json\/wp\/v2\/product"}],"about":[{"href":"https:\/\/becreative.ee\/en\/wp-json\/wp\/v2\/types\/product"}],"version-history":[{"count":1,"href":"https:\/\/becreative.ee\/en\/wp-json\/wp\/v2\/product\/4512\/revisions"}],"predecessor-version":[{"id":4514,"href":"https:\/\/becreative.ee\/en\/wp-json\/wp\/v2\/product\/4512\/revisions\/4514"}],"wp:featuredmedia":[{"embeddable":true,"href":"https:\/\/becreative.ee\/en\/wp-json\/wp\/v2\/media\/4513"}],"wp:attachment":[{"href":"https:\/\/becreative.ee\/en\/wp-json\/wp\/v2\/media?parent=4512"}],"wp:term":[{"taxonomy":"product_brand","embeddable":true,"href":"https:\/\/becreative.ee\/en\/wp-json\/wp\/v2\/product_brand?post=4512"},{"taxonomy":"product_cat","embeddable":true,"href":"https:\/\/becreative.ee\/en\/wp-json\/wp\/v2\/product_cat?post=4512"},{"taxonomy":"product_tag","embeddable":true,"href":"https:\/\/becreative.ee\/en\/wp-json\/wp\/v2\/product_tag?post=4512"}],"curies":[{"name":"wp","href":"https:\/\/api.w.org\/{rel}","templated":true}]}}