{"id":4535,"date":"2022-01-14T17:53:15","date_gmt":"2022-01-14T17:53:15","guid":{"rendered":"https:\/\/becreative.ee\/?post_type=product&#038;p=4535"},"modified":"2025-09-06T05:57:04","modified_gmt":"2025-09-06T05:57:04","slug":"hoooked-makramee-noor-spesso-500g","status":"publish","type":"product","link":"https:\/\/becreative.ee\/en\/product\/hoooked-makramee-noor-spesso-500g\/","title":{"rendered":"Hoooked makramee n\u00f6\u00f6r Spesso 500g"},"content":{"rendered":"<p>N\u00f6\u00f6r: 85% taaskasutatud puuvill 15% teised taaskasutatud kiud<\/p>\n<p>V\u00e4rv: erinevad v\u00e4rvid<\/p>\n<p>Varda suurus: 8-10 mm<\/p>\n<p>Heegeln\u00f5ela suurus: 8-10 mm<\/p>\n<p>Kaal: 200 g<\/p>\n<p>L\u00f5nga pikkus: 50 m<\/p>\n<p>&nbsp;<\/p>\n<p>Pesujuhised:<\/p>\n<p><img decoding=\"async\" class=\"alignnone size-full wp-image-299\" src=\"https:\/\/becreative.ee\/wp-content\/uploads\/2020\/03\/valgendamine-keelatud.png\" alt=\"\" width=\"50\" height=\"50\" \/> \u00a0<img decoding=\"async\" class=\"alignnone size-full wp-image-1407\" src=\"https:\/\/becreative.ee\/wp-content\/uploads\/2020\/05\/triikimine_keelatud.png\" alt=\"\" width=\"50\" height=\"50\" \/>\u00a0<img decoding=\"async\" class=\"alignnone size-full wp-image-298\" src=\"https:\/\/becreative.ee\/wp-content\/uploads\/2020\/03\/trummelkuivatus_keelatud.png\" alt=\"\" width=\"50\" height=\"50\" \/> <img loading=\"lazy\" decoding=\"async\" class=\"alignnone size-full wp-image-879\" src=\"https:\/\/becreative.ee\/wp-content\/uploads\/2020\/04\/k\u00e4sitsipesu.png\" alt=\"\" width=\"50\" height=\"50\" \/><\/p>\n<p>&nbsp;<\/p>\n<p>Hoooked Spesso on paks, pehme, puuvillane makrameen\u00f6\u00f6r. N\u00f6\u00f6ri paksus on 5mm. Lisaks makramee projektidele saab n\u00f6\u00f6riga edukalt heegeldada ja kududa suuremaid projekte. N\u00e4iteks korve, padjakatteid, vaipu jne. Nagu k\u00f5igil Hoooked toodetel on ka seda n\u00f6\u00f6ri valmistades m\u00f5eldud keskkonnale ning n\u00f6\u00f6r on valmistatud 100% taaskasutatud kiududest.<\/p>","protected":false},"excerpt":{"rendered":"<p>N\u00f6\u00f6r: 85% taaskasutatud puuvill 15% teised taaskasutatud kiud<\/p>\n<p>V\u00e4rv: erinevad v\u00e4rvid<\/p>\n<p>Varda suurus: 8-10 mm<\/p>\n<p>Heegeln\u00f5ela suurus: 8-10 mm<\/p>\n<p>Kaal: 200 g<\/p>\n<p>L\u00f5nga pikkus: 50 m<\/p>","protected":false},"featured_media":4536,"template":"","meta":[],"product_brand":[],"product_cat":[263,270,23,912,984,41],"product_tag":[],"class_list":{"0":"post-4535","1":"product","2":"type-product","3":"status-publish","4":"has-post-thumbnail","6":"product_cat-brandid","7":"product_cat-hoooked","8":"product_cat-longad","9":"product_cat-makramee","10":"product_cat-noor-makramee","11":"product_cat-puuvillane-long","13":"first","14":"instock","15":"taxable","16":"shipping-taxable","17":"purchasable","18":"product-type-variable"},"jetpack_sharing_enabled":true,"_links":{"self":[{"href":"https:\/\/becreative.ee\/en\/wp-json\/wp\/v2\/product\/4535","targetHints":{"allow":["GET"]}}],"collection":[{"href":"https:\/\/becreative.ee\/en\/wp-json\/wp\/v2\/product"}],"about":[{"href":"https:\/\/becreative.ee\/en\/wp-json\/wp\/v2\/types\/product"}],"version-history":[{"count":2,"href":"https:\/\/becreative.ee\/en\/wp-json\/wp\/v2\/product\/4535\/revisions"}],"predecessor-version":[{"id":4560,"href":"https:\/\/becreative.ee\/en\/wp-json\/wp\/v2\/product\/4535\/revisions\/4560"}],"wp:featuredmedia":[{"embeddable":true,"href":"https:\/\/becreative.ee\/en\/wp-json\/wp\/v2\/media\/4536"}],"wp:attachment":[{"href":"https:\/\/becreative.ee\/en\/wp-json\/wp\/v2\/media?parent=4535"}],"wp:term":[{"taxonomy":"product_brand","embeddable":true,"href":"https:\/\/becreative.ee\/en\/wp-json\/wp\/v2\/product_brand?post=4535"},{"taxonomy":"product_cat","embeddable":true,"href":"https:\/\/becreative.ee\/en\/wp-json\/wp\/v2\/product_cat?post=4535"},{"taxonomy":"product_tag","embeddable":true,"href":"https:\/\/becreative.ee\/en\/wp-json\/wp\/v2\/product_tag?post=4535"}],"curies":[{"name":"wp","href":"https:\/\/api.w.org\/{rel}","templated":true}]}}