{"id":4543,"date":"2022-01-05T08:13:21","date_gmt":"2022-01-05T08:13:21","guid":{"rendered":"https:\/\/becreative.ee\/?post_type=product&#038;p=4543"},"modified":"2025-03-02T17:09:39","modified_gmt":"2025-03-02T17:09:39","slug":"pimedas-helendav-varv","status":"publish","type":"product","link":"https:\/\/becreative.ee\/en\/product\/pimedas-helendav-varv\/","title":{"rendered":"Pimedas helendav v\u00e4rv"},"content":{"rendered":"<p>Pimedas helendav v\u00e4rv neelab valgel ajal valgust ning peegeldab seda pimedas tagasi. V\u00e4rvida v\u00f5ib paberit, pappi, puitu, seinu jne. Enne kasutamist loksutada. Kuivale, puhtale pinnale kanda kaks kihti v\u00e4rvi. Kihtide v\u00e4rvimise vahele peaks j\u00e4\u00e4ma 1 tund v\u00e4rvi kuivamiseks.<\/p>\n<p>&nbsp;<\/p>\n<p>Purgi suurus 250ml.<\/p>\n<p>&nbsp;<\/p>\n<p>NB! Soovitatav on kaup tellida k\u00fclmal perioodil Itella pakiautomaati (k\u00fclmumise oht).<\/p>","protected":false},"excerpt":{"rendered":"<p>Pimedas helendav v\u00e4rv neelab valgel ajal valgust ning peegeldab seda pimedas tagasi. V\u00e4rvida v\u00f5ib paberit, pappi, puitu, seinu jne. Enne kasutamist loksutada. Kuivale, puhtale pinnale kanda kaks kihti v\u00e4rvi. Kihtide v\u00e4rvimise vahele peaks j\u00e4\u00e4ma 1 tund v\u00e4rvi kuivamiseks.<\/p>\n<p>&nbsp;<\/p>\n<p>Purgi suurus 250ml.<\/p>\n<p>&nbsp;<\/p>\n<p>NB! Soovitatav on kaup tellida k\u00fclmal perioodil Itella pakiautomaati (k\u00fclmumise oht).<\/p>","protected":false},"featured_media":4544,"template":"","meta":[],"product_brand":[],"product_cat":[263,1080,989,279,1027,1052],"product_tag":[],"class_list":{"0":"post-4543","1":"product","2":"type-product","3":"status-publish","4":"has-post-thumbnail","6":"product_cat-brandid","7":"product_cat-efektvarvid","8":"product_cat-graine-creative","9":"product_cat-kasitooks-vajalik","10":"product_cat-varv","11":"product_cat-varvid-2","13":"first","14":"outofstock","15":"taxable","16":"shipping-taxable","17":"purchasable","18":"product-type-simple"},"jetpack_sharing_enabled":true,"_links":{"self":[{"href":"https:\/\/becreative.ee\/en\/wp-json\/wp\/v2\/product\/4543","targetHints":{"allow":["GET"]}}],"collection":[{"href":"https:\/\/becreative.ee\/en\/wp-json\/wp\/v2\/product"}],"about":[{"href":"https:\/\/becreative.ee\/en\/wp-json\/wp\/v2\/types\/product"}],"version-history":[{"count":1,"href":"https:\/\/becreative.ee\/en\/wp-json\/wp\/v2\/product\/4543\/revisions"}],"predecessor-version":[{"id":4545,"href":"https:\/\/becreative.ee\/en\/wp-json\/wp\/v2\/product\/4543\/revisions\/4545"}],"wp:featuredmedia":[{"embeddable":true,"href":"https:\/\/becreative.ee\/en\/wp-json\/wp\/v2\/media\/4544"}],"wp:attachment":[{"href":"https:\/\/becreative.ee\/en\/wp-json\/wp\/v2\/media?parent=4543"}],"wp:term":[{"taxonomy":"product_brand","embeddable":true,"href":"https:\/\/becreative.ee\/en\/wp-json\/wp\/v2\/product_brand?post=4543"},{"taxonomy":"product_cat","embeddable":true,"href":"https:\/\/becreative.ee\/en\/wp-json\/wp\/v2\/product_cat?post=4543"},{"taxonomy":"product_tag","embeddable":true,"href":"https:\/\/becreative.ee\/en\/wp-json\/wp\/v2\/product_tag?post=4543"}],"curies":[{"name":"wp","href":"https:\/\/api.w.org\/{rel}","templated":true}]}}