{"id":4592,"date":"2022-02-03T10:41:00","date_gmt":"2022-02-03T10:41:00","guid":{"rendered":"https:\/\/becreative.ee\/?post_type=product&#038;p=4592"},"modified":"2025-09-06T20:00:13","modified_gmt":"2025-09-06T20:00:13","slug":"lahustuv-tikkimisriie","status":"publish","type":"product","link":"https:\/\/becreative.ee\/en\/product\/lahustuv-tikkimisriie\/","title":{"rendered":"Lahustuv tikkimisriie"},"content":{"rendered":"<p>Lahustuv tikkimisriie lihtsustab ristpistes tikkimist mis tahes kangale. Asetage lahustuv tikkimisriie kangale ning peale tikkimist leotage tehtud t\u00f6\u00f6d leiges vees. Tikkimisriide m\u00f5\u00f5t 20 x 22cm, 5,5pst\/cm (14ct). Pakendis 1tk.<\/p>","protected":false},"excerpt":{"rendered":"<p>Lahustuv tikkimisriie lihtsustab ristpistes tikkimist mis tahes kangale. Asetage lahustuv tikkimisriie kangale ning peale tikkimist leotage tehtud t\u00f6\u00f6d leiges vees. Tikkimisriide m\u00f5\u00f5t 20 x 22cm, 5,5pst\/cm (14ct). Pakendis 1tk.<\/p>","protected":false},"featured_media":4593,"template":"","meta":[],"product_brand":[],"product_cat":[263,451,994,772],"product_tag":[],"class_list":{"0":"post-4592","1":"product","2":"type-product","3":"status-publish","4":"has-post-thumbnail","6":"product_cat-brandid","7":"product_cat-dmc","8":"product_cat-kangas","9":"product_cat-tikkimine","11":"first","12":"instock","13":"taxable","14":"shipping-taxable","15":"purchasable","16":"product-type-simple"},"jetpack_sharing_enabled":true,"_links":{"self":[{"href":"https:\/\/becreative.ee\/en\/wp-json\/wp\/v2\/product\/4592","targetHints":{"allow":["GET"]}}],"collection":[{"href":"https:\/\/becreative.ee\/en\/wp-json\/wp\/v2\/product"}],"about":[{"href":"https:\/\/becreative.ee\/en\/wp-json\/wp\/v2\/types\/product"}],"version-history":[{"count":3,"href":"https:\/\/becreative.ee\/en\/wp-json\/wp\/v2\/product\/4592\/revisions"}],"predecessor-version":[{"id":4601,"href":"https:\/\/becreative.ee\/en\/wp-json\/wp\/v2\/product\/4592\/revisions\/4601"}],"wp:featuredmedia":[{"embeddable":true,"href":"https:\/\/becreative.ee\/en\/wp-json\/wp\/v2\/media\/4593"}],"wp:attachment":[{"href":"https:\/\/becreative.ee\/en\/wp-json\/wp\/v2\/media?parent=4592"}],"wp:term":[{"taxonomy":"product_brand","embeddable":true,"href":"https:\/\/becreative.ee\/en\/wp-json\/wp\/v2\/product_brand?post=4592"},{"taxonomy":"product_cat","embeddable":true,"href":"https:\/\/becreative.ee\/en\/wp-json\/wp\/v2\/product_cat?post=4592"},{"taxonomy":"product_tag","embeddable":true,"href":"https:\/\/becreative.ee\/en\/wp-json\/wp\/v2\/product_tag?post=4592"}],"curies":[{"name":"wp","href":"https:\/\/api.w.org\/{rel}","templated":true}]}}