{"id":4595,"date":"2022-02-03T10:19:46","date_gmt":"2022-02-03T10:19:46","guid":{"rendered":"https:\/\/becreative.ee\/?post_type=product&#038;p=4595"},"modified":"2022-02-03T10:19:47","modified_gmt":"2022-02-03T10:19:47","slug":"opry-sik-sak-kaarid","status":"publish","type":"product","link":"https:\/\/becreative.ee\/en\/product\/opry-sik-sak-kaarid\/","title":{"rendered":"Opry Sik-Sak k\u00e4\u00e4rid"},"content":{"rendered":"<p>Roostevabast terasest ja ergonoomilise k\u00e4epidemega sik-sak k\u00e4\u00e4rid on mugavad ning n\u00e4evad t\u00f5eliselt kenad v\u00e4lja. K\u00e4\u00e4ride pikkus on 24cm. K\u00e4\u00e4rid on paremak\u00e4elistele.<\/p>","protected":false},"excerpt":{"rendered":"<p>Roostevabast terasest ja ergonoomilise k\u00e4epidemega sik-sak k\u00e4\u00e4rid on mugavad ning n\u00e4evad t\u00f5eliselt kenad v\u00e4lja. K\u00e4\u00e4ride pikkus on 24cm. K\u00e4\u00e4rid on paremak\u00e4elistele.<\/p>","protected":false},"featured_media":4596,"template":"","meta":[],"product_brand":[],"product_cat":[263,982,932,271],"product_tag":[],"class_list":{"0":"post-4595","1":"product","2":"type-product","3":"status-publish","4":"has-post-thumbnail","6":"product_cat-brandid","7":"product_cat-kaarid-loikurid","8":"product_cat-omblemine","9":"product_cat-opry","11":"first","12":"instock","13":"taxable","14":"shipping-taxable","15":"purchasable","16":"product-type-simple"},"jetpack_sharing_enabled":true,"_links":{"self":[{"href":"https:\/\/becreative.ee\/en\/wp-json\/wp\/v2\/product\/4595","targetHints":{"allow":["GET"]}}],"collection":[{"href":"https:\/\/becreative.ee\/en\/wp-json\/wp\/v2\/product"}],"about":[{"href":"https:\/\/becreative.ee\/en\/wp-json\/wp\/v2\/types\/product"}],"version-history":[{"count":1,"href":"https:\/\/becreative.ee\/en\/wp-json\/wp\/v2\/product\/4595\/revisions"}],"predecessor-version":[{"id":4599,"href":"https:\/\/becreative.ee\/en\/wp-json\/wp\/v2\/product\/4595\/revisions\/4599"}],"wp:featuredmedia":[{"embeddable":true,"href":"https:\/\/becreative.ee\/en\/wp-json\/wp\/v2\/media\/4596"}],"wp:attachment":[{"href":"https:\/\/becreative.ee\/en\/wp-json\/wp\/v2\/media?parent=4595"}],"wp:term":[{"taxonomy":"product_brand","embeddable":true,"href":"https:\/\/becreative.ee\/en\/wp-json\/wp\/v2\/product_brand?post=4595"},{"taxonomy":"product_cat","embeddable":true,"href":"https:\/\/becreative.ee\/en\/wp-json\/wp\/v2\/product_cat?post=4595"},{"taxonomy":"product_tag","embeddable":true,"href":"https:\/\/becreative.ee\/en\/wp-json\/wp\/v2\/product_tag?post=4595"}],"curies":[{"name":"wp","href":"https:\/\/api.w.org\/{rel}","templated":true}]}}