{"id":4623,"date":"2022-02-05T06:23:28","date_gmt":"2022-02-05T06:23:28","guid":{"rendered":"https:\/\/becreative.ee\/?post_type=product&#038;p=4623"},"modified":"2022-02-05T06:23:28","modified_gmt":"2022-02-05T06:23:28","slug":"kasitootarvikute-kott","status":"publish","type":"product","link":"https:\/\/becreative.ee\/en\/product\/kasitootarvikute-kott\/","title":{"rendered":"K\u00e4sit\u00f6\u00f6tarvikute kott"},"content":{"rendered":"<p>K\u00e4ep\u00e4rases temaatiliselt kujundatud kotikeses saab hoida kudumis- v\u00f5i heegeldamistarvikuid. Koti alumises osas asub m\u00f5\u00f5dik, mille abil saab kontrollida pisema projekti m\u00f5\u00f5tmeid. Koti tagumisel k\u00fcljel asub lahtine tasku. Koti m\u00f5\u00f5tmed 23 x 17cm.<\/p>","protected":false},"excerpt":{"rendered":"<p>K\u00e4ep\u00e4rases temaatiliselt kujundatud kotikeses saab hoida kudumis- v\u00f5i heegeldamistarvikuid. Koti alumises osas asub m\u00f5\u00f5dik, mille abil saab kontrollida pisema projekti m\u00f5\u00f5tmeid. Koti tagumisel k\u00fcljel asub lahtine tasku. Koti m\u00f5\u00f5tmed 23 x 17cm.<\/p>","protected":false},"featured_media":4625,"template":"","meta":[],"product_brand":[],"product_cat":[263,783,785,782,784,921],"product_tag":[],"class_list":{"0":"post-4623","1":"product","2":"type-product","3":"status-publish","4":"has-post-thumbnail","6":"product_cat-brandid","7":"product_cat-heegeldamine","8":"product_cat-heegeldamise-abivahendid","9":"product_cat-kudumine","10":"product_cat-kudumise-abivahendid","11":"product_cat-tulip","13":"first","14":"instock","15":"taxable","16":"shipping-taxable","17":"purchasable","18":"product-type-variable"},"jetpack_sharing_enabled":true,"_links":{"self":[{"href":"https:\/\/becreative.ee\/en\/wp-json\/wp\/v2\/product\/4623","targetHints":{"allow":["GET"]}}],"collection":[{"href":"https:\/\/becreative.ee\/en\/wp-json\/wp\/v2\/product"}],"about":[{"href":"https:\/\/becreative.ee\/en\/wp-json\/wp\/v2\/types\/product"}],"version-history":[{"count":1,"href":"https:\/\/becreative.ee\/en\/wp-json\/wp\/v2\/product\/4623\/revisions"}],"predecessor-version":[{"id":4624,"href":"https:\/\/becreative.ee\/en\/wp-json\/wp\/v2\/product\/4623\/revisions\/4624"}],"wp:featuredmedia":[{"embeddable":true,"href":"https:\/\/becreative.ee\/en\/wp-json\/wp\/v2\/media\/4625"}],"wp:attachment":[{"href":"https:\/\/becreative.ee\/en\/wp-json\/wp\/v2\/media?parent=4623"}],"wp:term":[{"taxonomy":"product_brand","embeddable":true,"href":"https:\/\/becreative.ee\/en\/wp-json\/wp\/v2\/product_brand?post=4623"},{"taxonomy":"product_cat","embeddable":true,"href":"https:\/\/becreative.ee\/en\/wp-json\/wp\/v2\/product_cat?post=4623"},{"taxonomy":"product_tag","embeddable":true,"href":"https:\/\/becreative.ee\/en\/wp-json\/wp\/v2\/product_tag?post=4623"}],"curies":[{"name":"wp","href":"https:\/\/api.w.org\/{rel}","templated":true}]}}