{"id":4639,"date":"2022-02-05T11:48:48","date_gmt":"2022-02-05T11:48:48","guid":{"rendered":"https:\/\/becreative.ee\/?post_type=product&#038;p=4639"},"modified":"2024-04-03T12:11:07","modified_gmt":"2024-04-03T12:11:07","slug":"opry-glitteriga-turvasilmad-10mm","status":"publish","type":"product","link":"https:\/\/becreative.ee\/en\/product\/opry-glitteriga-turvasilmad-10mm\/","title":{"rendered":"Opry glitteriga turvasilmad 10mm"},"content":{"rendered":"<p>Toode on m\u00f5eldud kasutamiseks m\u00e4nguasjade valmistamisel. Komplekti kuulub kaks musta pupilli ja v\u00e4rvilise glitteri iirisega silma ning kaks kinnitust. Silmad on valmistatud plastikust. Suurus 10mm.<\/p>","protected":false},"excerpt":{"rendered":"<p>Toode on m\u00f5eldud kasutamiseks m\u00e4nguasjade valmistamisel. Komplekti kuulub kaks musta pupilli ja v\u00e4rvilise glitteri iirisega silma ning kaks kinnitust. Silmad on valmistatud plastikust. Suurus 10mm.<\/p>","protected":false},"featured_media":4633,"template":"","meta":[],"product_brand":[],"product_cat":[263,17,271,54],"product_tag":[],"class_list":{"0":"post-4639","1":"product","2":"type-product","3":"status-publish","4":"has-post-thumbnail","6":"product_cat-brandid","7":"product_cat-manguasjadevalmistamine","8":"product_cat-opry","9":"product_cat-turvasilmad","11":"first","12":"outofstock","13":"taxable","14":"shipping-taxable","15":"product-type-variable"},"jetpack_sharing_enabled":true,"_links":{"self":[{"href":"https:\/\/becreative.ee\/en\/wp-json\/wp\/v2\/product\/4639","targetHints":{"allow":["GET"]}}],"collection":[{"href":"https:\/\/becreative.ee\/en\/wp-json\/wp\/v2\/product"}],"about":[{"href":"https:\/\/becreative.ee\/en\/wp-json\/wp\/v2\/types\/product"}],"version-history":[{"count":1,"href":"https:\/\/becreative.ee\/en\/wp-json\/wp\/v2\/product\/4639\/revisions"}],"predecessor-version":[{"id":4643,"href":"https:\/\/becreative.ee\/en\/wp-json\/wp\/v2\/product\/4639\/revisions\/4643"}],"wp:featuredmedia":[{"embeddable":true,"href":"https:\/\/becreative.ee\/en\/wp-json\/wp\/v2\/media\/4633"}],"wp:attachment":[{"href":"https:\/\/becreative.ee\/en\/wp-json\/wp\/v2\/media?parent=4639"}],"wp:term":[{"taxonomy":"product_brand","embeddable":true,"href":"https:\/\/becreative.ee\/en\/wp-json\/wp\/v2\/product_brand?post=4639"},{"taxonomy":"product_cat","embeddable":true,"href":"https:\/\/becreative.ee\/en\/wp-json\/wp\/v2\/product_cat?post=4639"},{"taxonomy":"product_tag","embeddable":true,"href":"https:\/\/becreative.ee\/en\/wp-json\/wp\/v2\/product_tag?post=4639"}],"curies":[{"name":"wp","href":"https:\/\/api.w.org\/{rel}","templated":true}]}}