{"id":4664,"date":"2022-02-05T12:44:31","date_gmt":"2022-02-05T12:44:31","guid":{"rendered":"https:\/\/becreative.ee\/?post_type=product&#038;p=4664"},"modified":"2024-08-14T18:08:14","modified_gmt":"2024-08-14T18:08:14","slug":"noor-1mm","status":"publish","type":"product","link":"https:\/\/becreative.ee\/en\/product\/noor-1mm\/","title":{"rendered":"N\u00f6\u00f6r 1mm"},"content":{"rendered":"<p>N\u00f6\u00f6ri on v\u00f5imalik kasutada paljudes erinevates projektides. See 1mm \u00f5rnalt l\u00e4ikiv kootud n\u00f6\u00f6r on v\u00e4ga peenike, ning mahub l\u00e4bi erinevate v\u00e4ikeste avade. N\u00f6\u00f6ri paksus on 1mm. N\u00f6\u00f6ri pikkus 1m. Tellides n\u00f6\u00f6ri 2 v\u00f5i enam meetrit on n\u00f6\u00f6r \u00fches t\u00fckkis.<\/p>","protected":false},"excerpt":{"rendered":"<p>N\u00f6\u00f6ri on v\u00f5imalik kasutada paljudes erinevates projektides. See 1mm \u00f5rnalt l\u00e4ikiv kootud n\u00f6\u00f6r on v\u00e4ga peenike, ning mahub l\u00e4bi erinevate v\u00e4ikeste avade. N\u00f6\u00f6ri paksus on 1mm. N\u00f6\u00f6ri pikkus 1m. Tellides n\u00f6\u00f6ri 2 v\u00f5i enam meetrit on n\u00f6\u00f6r \u00fches t\u00fckkis.<\/p>","protected":false},"featured_media":4662,"template":"","meta":[],"product_brand":[],"product_cat":[279,598],"product_tag":[],"class_list":{"0":"post-4664","1":"product","2":"type-product","3":"status-publish","4":"has-post-thumbnail","6":"product_cat-kasitooks-vajalik","7":"product_cat-noor","9":"first","10":"instock","11":"taxable","12":"shipping-taxable","13":"purchasable","14":"product-type-variable"},"jetpack_sharing_enabled":true,"_links":{"self":[{"href":"https:\/\/becreative.ee\/en\/wp-json\/wp\/v2\/product\/4664","targetHints":{"allow":["GET"]}}],"collection":[{"href":"https:\/\/becreative.ee\/en\/wp-json\/wp\/v2\/product"}],"about":[{"href":"https:\/\/becreative.ee\/en\/wp-json\/wp\/v2\/types\/product"}],"version-history":[{"count":1,"href":"https:\/\/becreative.ee\/en\/wp-json\/wp\/v2\/product\/4664\/revisions"}],"predecessor-version":[{"id":4667,"href":"https:\/\/becreative.ee\/en\/wp-json\/wp\/v2\/product\/4664\/revisions\/4667"}],"wp:featuredmedia":[{"embeddable":true,"href":"https:\/\/becreative.ee\/en\/wp-json\/wp\/v2\/media\/4662"}],"wp:attachment":[{"href":"https:\/\/becreative.ee\/en\/wp-json\/wp\/v2\/media?parent=4664"}],"wp:term":[{"taxonomy":"product_brand","embeddable":true,"href":"https:\/\/becreative.ee\/en\/wp-json\/wp\/v2\/product_brand?post=4664"},{"taxonomy":"product_cat","embeddable":true,"href":"https:\/\/becreative.ee\/en\/wp-json\/wp\/v2\/product_cat?post=4664"},{"taxonomy":"product_tag","embeddable":true,"href":"https:\/\/becreative.ee\/en\/wp-json\/wp\/v2\/product_tag?post=4664"}],"curies":[{"name":"wp","href":"https:\/\/api.w.org\/{rel}","templated":true}]}}