{"id":4678,"date":"2022-02-21T13:27:21","date_gmt":"2022-02-21T13:27:21","guid":{"rendered":"https:\/\/becreative.ee\/?post_type=product&#038;p=4678"},"modified":"2023-07-25T06:38:57","modified_gmt":"2023-07-25T06:38:57","slug":"kandilised-puidust-parlid-10mm","status":"publish","type":"product","link":"https:\/\/becreative.ee\/en\/product\/kandilised-puidust-parlid-10mm\/","title":{"rendered":"Kandilised puidust p\u00e4rlid"},"content":{"rendered":"<p>Kandilised p\u00e4rlid on valmistatud puidust ja sobivad erinevates k\u00e4sit\u00f6\u00f6projektides kasutamiseks. Pakendis on kokku 12 p\u00e4rlit, millest 4 on diameetriga 20mm ja 8 diameetriga 1,5mm.<\/p>","protected":false},"excerpt":{"rendered":"<p>Kandilised p\u00e4rlid on valmistatud puidust ja sobivad erinevates k\u00e4sit\u00f6\u00f6projektides kasutamiseks. Pakendis on kokku 12 p\u00e4rlit, millest 4 on diameetriga 20mm ja 8 diameetriga 1,5mm.<\/p>","protected":false},"featured_media":4834,"template":"","meta":[],"product_brand":[],"product_cat":[263,912,17,915,58,205,1051],"product_tag":[],"class_list":{"0":"post-4678","1":"product","2":"type-product","3":"status-publish","4":"has-post-thumbnail","6":"product_cat-brandid","7":"product_cat-makramee","8":"product_cat-manguasjadevalmistamine","9":"product_cat-parlid-makramee","10":"product_cat-parlid","11":"product_cat-puidust-parlid","12":"product_cat-rayher","14":"first","15":"outofstock","16":"taxable","17":"shipping-taxable","18":"purchasable","19":"product-type-simple"},"jetpack_sharing_enabled":true,"_links":{"self":[{"href":"https:\/\/becreative.ee\/en\/wp-json\/wp\/v2\/product\/4678","targetHints":{"allow":["GET"]}}],"collection":[{"href":"https:\/\/becreative.ee\/en\/wp-json\/wp\/v2\/product"}],"about":[{"href":"https:\/\/becreative.ee\/en\/wp-json\/wp\/v2\/types\/product"}],"version-history":[{"count":3,"href":"https:\/\/becreative.ee\/en\/wp-json\/wp\/v2\/product\/4678\/revisions"}],"predecessor-version":[{"id":4836,"href":"https:\/\/becreative.ee\/en\/wp-json\/wp\/v2\/product\/4678\/revisions\/4836"}],"wp:featuredmedia":[{"embeddable":true,"href":"https:\/\/becreative.ee\/en\/wp-json\/wp\/v2\/media\/4834"}],"wp:attachment":[{"href":"https:\/\/becreative.ee\/en\/wp-json\/wp\/v2\/media?parent=4678"}],"wp:term":[{"taxonomy":"product_brand","embeddable":true,"href":"https:\/\/becreative.ee\/en\/wp-json\/wp\/v2\/product_brand?post=4678"},{"taxonomy":"product_cat","embeddable":true,"href":"https:\/\/becreative.ee\/en\/wp-json\/wp\/v2\/product_cat?post=4678"},{"taxonomy":"product_tag","embeddable":true,"href":"https:\/\/becreative.ee\/en\/wp-json\/wp\/v2\/product_tag?post=4678"}],"curies":[{"name":"wp","href":"https:\/\/api.w.org\/{rel}","templated":true}]}}