{"id":4681,"date":"2022-03-11T12:08:46","date_gmt":"2022-03-11T12:08:46","guid":{"rendered":"https:\/\/becreative.ee\/?post_type=product&#038;p=4681"},"modified":"2025-02-02T19:08:56","modified_gmt":"2025-02-02T19:08:56","slug":"silikoonist-kuusnurksed-parlid-14mm","status":"publish","type":"product","link":"https:\/\/becreative.ee\/en\/product\/silikoonist-kuusnurksed-parlid-14mm\/","title":{"rendered":"Silikoonist kuusnurksed p\u00e4rlid 14mm"},"content":{"rendered":"<p>Silikoonist p\u00e4rlid sobivad suurep\u00e4raselt beebidele n\u00e4rimiseks. Seep\u00e4rast on neid v\u00e4ga hea kasutada l\u00f5busate projektide valmistamisel. Kasutage neid k\u00e4ev\u00f5ru, kaelakee, v\u00f5tmehoidja, lutiketi v\u00f5i m\u00e4nguasja osana. P\u00e4rli suurus 14mm.<\/p>","protected":false},"excerpt":{"rendered":"<p>Silikoonist p\u00e4rlid sobivad suurep\u00e4raselt beebidele n\u00e4rimiseks. Seep\u00e4rast on neid v\u00e4ga hea kasutada l\u00f5busate projektide valmistamisel. Kasutage neid k\u00e4ev\u00f5ru, kaelakee, v\u00f5tmehoidja, lutiketi v\u00f5i m\u00e4nguasja osana. P\u00e4rli suurus 14mm.<\/p>","protected":false},"featured_media":4992,"template":"","meta":[],"product_brand":[],"product_cat":[17,58,204],"product_tag":[],"class_list":{"0":"post-4681","1":"product","2":"type-product","3":"status-publish","4":"has-post-thumbnail","6":"product_cat-manguasjadevalmistamine","7":"product_cat-parlid","8":"product_cat-silikoonist-parlid","10":"first","11":"instock","12":"taxable","13":"shipping-taxable","14":"purchasable","15":"product-type-variable"},"jetpack_sharing_enabled":true,"_links":{"self":[{"href":"https:\/\/becreative.ee\/en\/wp-json\/wp\/v2\/product\/4681","targetHints":{"allow":["GET"]}}],"collection":[{"href":"https:\/\/becreative.ee\/en\/wp-json\/wp\/v2\/product"}],"about":[{"href":"https:\/\/becreative.ee\/en\/wp-json\/wp\/v2\/types\/product"}],"version-history":[{"count":1,"href":"https:\/\/becreative.ee\/en\/wp-json\/wp\/v2\/product\/4681\/revisions"}],"predecessor-version":[{"id":4682,"href":"https:\/\/becreative.ee\/en\/wp-json\/wp\/v2\/product\/4681\/revisions\/4682"}],"wp:featuredmedia":[{"embeddable":true,"href":"https:\/\/becreative.ee\/en\/wp-json\/wp\/v2\/media\/4992"}],"wp:attachment":[{"href":"https:\/\/becreative.ee\/en\/wp-json\/wp\/v2\/media?parent=4681"}],"wp:term":[{"taxonomy":"product_brand","embeddable":true,"href":"https:\/\/becreative.ee\/en\/wp-json\/wp\/v2\/product_brand?post=4681"},{"taxonomy":"product_cat","embeddable":true,"href":"https:\/\/becreative.ee\/en\/wp-json\/wp\/v2\/product_cat?post=4681"},{"taxonomy":"product_tag","embeddable":true,"href":"https:\/\/becreative.ee\/en\/wp-json\/wp\/v2\/product_tag?post=4681"}],"curies":[{"name":"wp","href":"https:\/\/api.w.org\/{rel}","templated":true}]}}