{"id":4683,"date":"2022-02-21T13:08:31","date_gmt":"2022-02-21T13:08:31","guid":{"rendered":"https:\/\/becreative.ee\/?post_type=product&#038;p=4683"},"modified":"2022-02-21T13:08:31","modified_gmt":"2022-02-21T13:08:31","slug":"kuldamishelbed","status":"publish","type":"product","link":"https:\/\/becreative.ee\/en\/product\/kuldamishelbed\/","title":{"rendered":"Kuldamishelbed"},"content":{"rendered":"<p>Selleks, et anda puidule, papile, betoonile v\u00f5i m\u00f5nele teisele pinnale kaunist s\u00e4ra, ei pea tegema muud, kui kandma s\u00e4ra andvat puru soovitud pinnale. Pind, millele puru kanda, peab olema kleepuv. Selleks sobib kahepoolne teip, kleepuv reljeefpulber v\u00f5i liim. Kata nakkuv pind \u00f5rnalt puruga ning eemalda \u00fclej\u00e4\u00e4k pintsli abil. Vajadusel kanna pinnale kaitselakk. Kaal 1g.<\/p>","protected":false},"excerpt":{"rendered":"<p>Selleks, et anda puidule, papile, betoonile v\u00f5i m\u00f5nele teisele pinnale kaunist s\u00e4ra, ei pea tegema muud, kui kandma s\u00e4ra andvat puru soovitud pinnale. Pind, millele puru kanda, peab olema kleepuv. Selleks sobib kahepoolne teip, kleepuv reljeefpulber v\u00f5i liim. Kata nakkuv pind \u00f5rnalt puruga ning eemalda \u00fclej\u00e4\u00e4k pintsli abil. Vajadusel kanna pinnale kaitselakk. Kaal 1g.<\/p>","protected":false},"featured_media":4686,"template":"","meta":[],"product_brand":[],"product_cat":[263,1053,1056,1051,1014,1052],"product_tag":[],"class_list":{"0":"post-4683","1":"product","2":"type-product","3":"status-publish","4":"has-post-thumbnail","6":"product_cat-brandid","7":"product_cat-kuldamispulber","8":"product_cat-kuldamispulber-tood-paberiga","9":"product_cat-rayher","10":"product_cat-tood-paberiga","11":"product_cat-varvid-2","13":"first","14":"instock","15":"taxable","16":"shipping-taxable","17":"purchasable","18":"product-type-variable"},"jetpack_sharing_enabled":true,"_links":{"self":[{"href":"https:\/\/becreative.ee\/en\/wp-json\/wp\/v2\/product\/4683","targetHints":{"allow":["GET"]}}],"collection":[{"href":"https:\/\/becreative.ee\/en\/wp-json\/wp\/v2\/product"}],"about":[{"href":"https:\/\/becreative.ee\/en\/wp-json\/wp\/v2\/types\/product"}],"version-history":[{"count":2,"href":"https:\/\/becreative.ee\/en\/wp-json\/wp\/v2\/product\/4683\/revisions"}],"predecessor-version":[{"id":4685,"href":"https:\/\/becreative.ee\/en\/wp-json\/wp\/v2\/product\/4683\/revisions\/4685"}],"wp:featuredmedia":[{"embeddable":true,"href":"https:\/\/becreative.ee\/en\/wp-json\/wp\/v2\/media\/4686"}],"wp:attachment":[{"href":"https:\/\/becreative.ee\/en\/wp-json\/wp\/v2\/media?parent=4683"}],"wp:term":[{"taxonomy":"product_brand","embeddable":true,"href":"https:\/\/becreative.ee\/en\/wp-json\/wp\/v2\/product_brand?post=4683"},{"taxonomy":"product_cat","embeddable":true,"href":"https:\/\/becreative.ee\/en\/wp-json\/wp\/v2\/product_cat?post=4683"},{"taxonomy":"product_tag","embeddable":true,"href":"https:\/\/becreative.ee\/en\/wp-json\/wp\/v2\/product_tag?post=4683"}],"curies":[{"name":"wp","href":"https:\/\/api.w.org\/{rel}","templated":true}]}}