{"id":4691,"date":"2022-02-21T13:07:05","date_gmt":"2022-02-21T13:07:05","guid":{"rendered":"https:\/\/becreative.ee\/?post_type=product&#038;p=4691"},"modified":"2025-04-13T15:27:37","modified_gmt":"2025-04-13T15:27:37","slug":"kuldamislehed","status":"publish","type":"product","link":"https:\/\/becreative.ee\/en\/product\/kuldamislehed\/","title":{"rendered":"Kuldamislehed"},"content":{"rendered":"<p>Selleks, et anda puidule, papile, betoonile v\u00f5i m\u00f5nele teisele pinnale kaunist s\u00e4ra, ei pea tegema muud, kui kandma s\u00e4ra andvat lehte soovitud pinnale. Pind, millele s\u00e4ra kanda, peab olema kleepuv. Selleks sobib kahepoolne teip, kleepuv reljeefpulber v\u00f5i liim. Kata nakkuv pind \u00f5rnalt lehega ning eemalda \u00fclej\u00e4\u00e4k pintsli abil. Vajadusel kanna pinnale kaitselakk. Pakend sisaldab 6 lehte (kuld, vask, h\u00f5be) suurusega 9 x 9cm.<\/p>","protected":false},"excerpt":{"rendered":"<p>Selleks, et anda puidule, papile, betoonile v\u00f5i m\u00f5nele teisele pinnale kaunist s\u00e4ra, ei pea tegema muud, kui kandma s\u00e4ra andvat lehte soovitud pinnale. Pind, millele s\u00e4ra kanda, peab olema kleepuv. Selleks sobib kahepoolne teip, kleepuv reljeefpulber v\u00f5i liim. Kata nakkuv pind \u00f5rnalt lehega ning eemalda \u00fclej\u00e4\u00e4k pintsli abil. Vajadusel kanna pinnale kaitselakk. Pakend sisaldab 6 lehte (kuld, vask, h\u00f5be) suurusega 9 x 9cm.<\/p>","protected":false},"featured_media":4692,"template":"","meta":[],"product_brand":[],"product_cat":[263,1053,1056,1051,1014,1052],"product_tag":[],"class_list":{"0":"post-4691","1":"product","2":"type-product","3":"status-publish","4":"has-post-thumbnail","6":"product_cat-brandid","7":"product_cat-kuldamispulber","8":"product_cat-kuldamispulber-tood-paberiga","9":"product_cat-rayher","10":"product_cat-tood-paberiga","11":"product_cat-varvid-2","13":"first","14":"instock","15":"taxable","16":"shipping-taxable","17":"purchasable","18":"product-type-simple"},"jetpack_sharing_enabled":true,"_links":{"self":[{"href":"https:\/\/becreative.ee\/en\/wp-json\/wp\/v2\/product\/4691","targetHints":{"allow":["GET"]}}],"collection":[{"href":"https:\/\/becreative.ee\/en\/wp-json\/wp\/v2\/product"}],"about":[{"href":"https:\/\/becreative.ee\/en\/wp-json\/wp\/v2\/types\/product"}],"version-history":[{"count":1,"href":"https:\/\/becreative.ee\/en\/wp-json\/wp\/v2\/product\/4691\/revisions"}],"predecessor-version":[{"id":4693,"href":"https:\/\/becreative.ee\/en\/wp-json\/wp\/v2\/product\/4691\/revisions\/4693"}],"wp:featuredmedia":[{"embeddable":true,"href":"https:\/\/becreative.ee\/en\/wp-json\/wp\/v2\/media\/4692"}],"wp:attachment":[{"href":"https:\/\/becreative.ee\/en\/wp-json\/wp\/v2\/media?parent=4691"}],"wp:term":[{"taxonomy":"product_brand","embeddable":true,"href":"https:\/\/becreative.ee\/en\/wp-json\/wp\/v2\/product_brand?post=4691"},{"taxonomy":"product_cat","embeddable":true,"href":"https:\/\/becreative.ee\/en\/wp-json\/wp\/v2\/product_cat?post=4691"},{"taxonomy":"product_tag","embeddable":true,"href":"https:\/\/becreative.ee\/en\/wp-json\/wp\/v2\/product_tag?post=4691"}],"curies":[{"name":"wp","href":"https:\/\/api.w.org\/{rel}","templated":true}]}}