{"id":4700,"date":"2022-02-21T13:03:18","date_gmt":"2022-02-21T13:03:18","guid":{"rendered":"https:\/\/becreative.ee\/?post_type=product&#038;p=4700"},"modified":"2026-01-12T17:53:02","modified_gmt":"2026-01-12T17:53:02","slug":"parafiinivahast-graanulid","status":"publish","type":"product","link":"https:\/\/becreative.ee\/en\/product\/parafiinivahast-graanulid\/","title":{"rendered":"Parafiinivahast graanulid"},"content":{"rendered":"<p>100% parafiinivahast k\u00fc\u00fcnalde valmistamiseks m\u00f5eldud vahagraanulid on suurep\u00e4raste p\u00f5lemisomadustega. Vaha sulatamistemperatuur on 54 \u00b0C. Sulatage graanulid ning valage segu vormi v\u00f5i purki. Pakendis on 800g graanuleid. V\u00e4rvus: valge.<\/p>","protected":false},"excerpt":{"rendered":"<p>100% parafiinivahast k\u00fc\u00fcnalde valmistamiseks m\u00f5eldud vahagraanulid on suurep\u00e4raste p\u00f5lemisomadustega. Vaha sulatamistemperatuur on 54 \u00b0C. Sulatage graanulid ning valage segu vormi v\u00f5i purki. Pakendis on 800g graanuleid. V\u00e4rvus: valge.<\/p>","protected":false},"featured_media":4701,"template":"","meta":[],"product_brand":[],"product_cat":[263,1005,1051,1060],"product_tag":[],"class_list":{"0":"post-4700","1":"product","2":"type-product","3":"status-publish","4":"has-post-thumbnail","6":"product_cat-brandid","7":"product_cat-kuunalde-valmistamine","8":"product_cat-rayher","9":"product_cat-vahad","11":"first","12":"instock","13":"sale","14":"taxable","15":"shipping-taxable","16":"purchasable","17":"product-type-simple"},"jetpack_sharing_enabled":true,"_links":{"self":[{"href":"https:\/\/becreative.ee\/en\/wp-json\/wp\/v2\/product\/4700","targetHints":{"allow":["GET"]}}],"collection":[{"href":"https:\/\/becreative.ee\/en\/wp-json\/wp\/v2\/product"}],"about":[{"href":"https:\/\/becreative.ee\/en\/wp-json\/wp\/v2\/types\/product"}],"version-history":[{"count":1,"href":"https:\/\/becreative.ee\/en\/wp-json\/wp\/v2\/product\/4700\/revisions"}],"predecessor-version":[{"id":4702,"href":"https:\/\/becreative.ee\/en\/wp-json\/wp\/v2\/product\/4700\/revisions\/4702"}],"wp:featuredmedia":[{"embeddable":true,"href":"https:\/\/becreative.ee\/en\/wp-json\/wp\/v2\/media\/4701"}],"wp:attachment":[{"href":"https:\/\/becreative.ee\/en\/wp-json\/wp\/v2\/media?parent=4700"}],"wp:term":[{"taxonomy":"product_brand","embeddable":true,"href":"https:\/\/becreative.ee\/en\/wp-json\/wp\/v2\/product_brand?post=4700"},{"taxonomy":"product_cat","embeddable":true,"href":"https:\/\/becreative.ee\/en\/wp-json\/wp\/v2\/product_cat?post=4700"},{"taxonomy":"product_tag","embeddable":true,"href":"https:\/\/becreative.ee\/en\/wp-json\/wp\/v2\/product_tag?post=4700"}],"curies":[{"name":"wp","href":"https:\/\/api.w.org\/{rel}","templated":true}]}}