{"id":4703,"date":"2022-02-21T13:01:17","date_gmt":"2022-02-21T13:01:17","guid":{"rendered":"https:\/\/becreative.ee\/?post_type=product&#038;p=4703"},"modified":"2022-02-21T13:01:17","modified_gmt":"2022-02-21T13:01:17","slug":"kuunla-valamise-vorm-silinder-16cm","status":"publish","type":"product","link":"https:\/\/becreative.ee\/en\/product\/kuunla-valamise-vorm-silinder-16cm\/","title":{"rendered":"K\u00fc\u00fcnla valamise vorm silinder 16cm"},"content":{"rendered":"<p>Sellised vormid aitavad saavutada viimistletud ja kauni kujuga k\u00fc\u00fcnlad. Vorm on kuumakindel kuni 120 \u00b0C. K\u00fc\u00fcnla valmistamiseks l\u00e4heb 495g vaha. Komplektis on kaasas vorm, spetsiaalne n\u00f5el tahi hoidmiseks, taht ning juhend. Lisaks k\u00fc\u00fcnla valmistamisele on v\u00f5imalik vormi kasutada betoonist k\u00fc\u00fcnla valmistamiseks. Vormi k\u00f5rgus 16cm, diameeter 6cm.<\/p>","protected":false},"excerpt":{"rendered":"<p>Sellised vormid aitavad saavutada viimistletud ja kauni kujuga k\u00fc\u00fcnlad. Vorm on kuumakindel kuni 120 \u00b0C. K\u00fc\u00fcnla valmistamiseks l\u00e4heb 495g vaha. Komplektis on kaasas vorm, spetsiaalne n\u00f5el tahi hoidmiseks, taht ning juhend. Lisaks k\u00fc\u00fcnla valmistamisele on v\u00f5imalik vormi kasutada betoonist k\u00fc\u00fcnla valmistamiseks. Vormi k\u00f5rgus 16cm, diameeter 6cm.<\/p>","protected":false},"featured_media":4704,"template":"","meta":[],"product_brand":[],"product_cat":[263,1005,1051,1062,1061,1063],"product_tag":[],"class_list":{"0":"post-4703","1":"product","2":"type-product","3":"status-publish","4":"has-post-thumbnail","6":"product_cat-brandid","7":"product_cat-kuunalde-valmistamine","8":"product_cat-rayher","9":"product_cat-valamistood-voolimine","10":"product_cat-vormid","11":"product_cat-vormid-tood-betooniga","13":"first","14":"instock","15":"taxable","16":"shipping-taxable","17":"purchasable","18":"product-type-simple"},"jetpack_sharing_enabled":true,"_links":{"self":[{"href":"https:\/\/becreative.ee\/en\/wp-json\/wp\/v2\/product\/4703","targetHints":{"allow":["GET"]}}],"collection":[{"href":"https:\/\/becreative.ee\/en\/wp-json\/wp\/v2\/product"}],"about":[{"href":"https:\/\/becreative.ee\/en\/wp-json\/wp\/v2\/types\/product"}],"version-history":[{"count":1,"href":"https:\/\/becreative.ee\/en\/wp-json\/wp\/v2\/product\/4703\/revisions"}],"predecessor-version":[{"id":4706,"href":"https:\/\/becreative.ee\/en\/wp-json\/wp\/v2\/product\/4703\/revisions\/4706"}],"wp:featuredmedia":[{"embeddable":true,"href":"https:\/\/becreative.ee\/en\/wp-json\/wp\/v2\/media\/4704"}],"wp:attachment":[{"href":"https:\/\/becreative.ee\/en\/wp-json\/wp\/v2\/media?parent=4703"}],"wp:term":[{"taxonomy":"product_brand","embeddable":true,"href":"https:\/\/becreative.ee\/en\/wp-json\/wp\/v2\/product_brand?post=4703"},{"taxonomy":"product_cat","embeddable":true,"href":"https:\/\/becreative.ee\/en\/wp-json\/wp\/v2\/product_cat?post=4703"},{"taxonomy":"product_tag","embeddable":true,"href":"https:\/\/becreative.ee\/en\/wp-json\/wp\/v2\/product_tag?post=4703"}],"curies":[{"name":"wp","href":"https:\/\/api.w.org\/{rel}","templated":true}]}}