{"id":4707,"date":"2022-02-21T13:00:08","date_gmt":"2022-02-21T13:00:08","guid":{"rendered":"https:\/\/becreative.ee\/?post_type=product&#038;p=4707"},"modified":"2022-02-21T13:00:09","modified_gmt":"2022-02-21T13:00:09","slug":"kuunla-valamise-vorm-silinder-10cm","status":"publish","type":"product","link":"https:\/\/becreative.ee\/en\/product\/kuunla-valamise-vorm-silinder-10cm\/","title":{"rendered":"K\u00fc\u00fcnla valamise vorm silinder 10cm"},"content":{"rendered":"<p>Sellised vormid aitavad saavutada viimistletud ja kauni kujuga k\u00fc\u00fcnlad. Vorm on kuumakindel kuni 120 \u00b0C. K\u00fc\u00fcnla valmistamiseks l\u00e4heb 180g vaha. Komplektis on kaasas vorm, spetsiaalne n\u00f5el tahi hoidmiseks, taht ning juhend. Lisaks k\u00fc\u00fcnla valmistamisele on v\u00f5imalik vormi kasutada betoonist k\u00fc\u00fcnla valmistamiseks. Vormi k\u00f5rgus 10cm, diameeter 5cm.<\/p>","protected":false},"excerpt":{"rendered":"<p>Sellised vormid aitavad saavutada viimistletud ja kauni kujuga k\u00fc\u00fcnlad. Vorm on kuumakindel kuni 120 \u00b0C. K\u00fc\u00fcnla valmistamiseks l\u00e4heb 180g vaha. Komplektis on kaasas vorm, spetsiaalne n\u00f5el tahi hoidmiseks, taht ning juhend. Lisaks k\u00fc\u00fcnla valmistamisele on v\u00f5imalik vormi kasutada betoonist k\u00fc\u00fcnla valmistamiseks. Vormi k\u00f5rgus 10cm, diameeter 5cm.<\/p>","protected":false},"featured_media":4708,"template":"","meta":[],"product_brand":[],"product_cat":[263,1005,1051,1062,1063,1061],"product_tag":[],"class_list":{"0":"post-4707","1":"product","2":"type-product","3":"status-publish","4":"has-post-thumbnail","6":"product_cat-brandid","7":"product_cat-kuunalde-valmistamine","8":"product_cat-rayher","9":"product_cat-valamistood-voolimine","10":"product_cat-vormid-tood-betooniga","11":"product_cat-vormid","13":"first","14":"instock","15":"taxable","16":"shipping-taxable","17":"purchasable","18":"product-type-simple"},"jetpack_sharing_enabled":true,"_links":{"self":[{"href":"https:\/\/becreative.ee\/en\/wp-json\/wp\/v2\/product\/4707","targetHints":{"allow":["GET"]}}],"collection":[{"href":"https:\/\/becreative.ee\/en\/wp-json\/wp\/v2\/product"}],"about":[{"href":"https:\/\/becreative.ee\/en\/wp-json\/wp\/v2\/types\/product"}],"version-history":[{"count":1,"href":"https:\/\/becreative.ee\/en\/wp-json\/wp\/v2\/product\/4707\/revisions"}],"predecessor-version":[{"id":4710,"href":"https:\/\/becreative.ee\/en\/wp-json\/wp\/v2\/product\/4707\/revisions\/4710"}],"wp:featuredmedia":[{"embeddable":true,"href":"https:\/\/becreative.ee\/en\/wp-json\/wp\/v2\/media\/4708"}],"wp:attachment":[{"href":"https:\/\/becreative.ee\/en\/wp-json\/wp\/v2\/media?parent=4707"}],"wp:term":[{"taxonomy":"product_brand","embeddable":true,"href":"https:\/\/becreative.ee\/en\/wp-json\/wp\/v2\/product_brand?post=4707"},{"taxonomy":"product_cat","embeddable":true,"href":"https:\/\/becreative.ee\/en\/wp-json\/wp\/v2\/product_cat?post=4707"},{"taxonomy":"product_tag","embeddable":true,"href":"https:\/\/becreative.ee\/en\/wp-json\/wp\/v2\/product_tag?post=4707"}],"curies":[{"name":"wp","href":"https:\/\/api.w.org\/{rel}","templated":true}]}}