{"id":4711,"date":"2022-02-21T12:58:03","date_gmt":"2022-02-21T12:58:03","guid":{"rendered":"https:\/\/becreative.ee\/?post_type=product&#038;p=4711"},"modified":"2022-02-21T12:58:03","modified_gmt":"2022-02-21T12:58:03","slug":"siirdekile-laserprinterile","status":"publish","type":"product","link":"https:\/\/becreative.ee\/en\/product\/siirdekile-laserprinterile\/","title":{"rendered":"Siirdekile laserprinterile"},"content":{"rendered":"<p>Siirdekile on m\u00f5eldud laserprinteriga pildi printimiseks ning selle pildi kandmiseks k\u00fc\u00fcnlale, klaasile v\u00f5i m\u00f5nele teisele veekindlale siledale pinnale. Pakendis 1 leht suurusega 21 x 29,7cm (A4).<\/p>\n<p>&nbsp;<\/p>\n<p>Kasutamine: Printige soovitud pilt laserprinteriga (185 g\/m\u00b2) kile l\u00e4ikivamale poolele, l\u00f5igake pilt endale sobivasse suurusesse. Asetage pilt leigesse vette seniks, kuni alumine kiht hakkab pildilt eemalduma. V\u00f5tke pilt veest v\u00e4lja ja asetage soovitud kohale alumisest osa ettevaatlikult \u00e4ra t\u00f5mmates. Tupsutage m\u00e4rga pinda ettevaatlikult majapidamispaberiga.<\/p>","protected":false},"excerpt":{"rendered":"<p>Siirdekile on m\u00f5eldud laserprinteriga pildi printimiseks ning selle pildi kandmiseks k\u00fc\u00fcnlale, klaasile v\u00f5i m\u00f5nele teisele veekindlale siledale pinnale. Pakendis 1 leht suurusega 21 x 29,7cm (A4).<\/p>","protected":false},"featured_media":4733,"template":"","meta":[],"product_brand":[],"product_cat":[263,279,1005,1051,1064,1065],"product_tag":[],"class_list":{"0":"post-4711","1":"product","2":"type-product","3":"status-publish","4":"has-post-thumbnail","6":"product_cat-brandid","7":"product_cat-kasitooks-vajalik","8":"product_cat-kuunalde-valmistamine","9":"product_cat-rayher","10":"product_cat-siirdepaber","11":"product_cat-vahendid-kaunistamiseks","13":"first","14":"instock","15":"taxable","16":"shipping-taxable","17":"purchasable","18":"product-type-simple"},"jetpack_sharing_enabled":true,"_links":{"self":[{"href":"https:\/\/becreative.ee\/en\/wp-json\/wp\/v2\/product\/4711","targetHints":{"allow":["GET"]}}],"collection":[{"href":"https:\/\/becreative.ee\/en\/wp-json\/wp\/v2\/product"}],"about":[{"href":"https:\/\/becreative.ee\/en\/wp-json\/wp\/v2\/types\/product"}],"version-history":[{"count":2,"href":"https:\/\/becreative.ee\/en\/wp-json\/wp\/v2\/product\/4711\/revisions"}],"predecessor-version":[{"id":4833,"href":"https:\/\/becreative.ee\/en\/wp-json\/wp\/v2\/product\/4711\/revisions\/4833"}],"wp:featuredmedia":[{"embeddable":true,"href":"https:\/\/becreative.ee\/en\/wp-json\/wp\/v2\/media\/4733"}],"wp:attachment":[{"href":"https:\/\/becreative.ee\/en\/wp-json\/wp\/v2\/media?parent=4711"}],"wp:term":[{"taxonomy":"product_brand","embeddable":true,"href":"https:\/\/becreative.ee\/en\/wp-json\/wp\/v2\/product_brand?post=4711"},{"taxonomy":"product_cat","embeddable":true,"href":"https:\/\/becreative.ee\/en\/wp-json\/wp\/v2\/product_cat?post=4711"},{"taxonomy":"product_tag","embeddable":true,"href":"https:\/\/becreative.ee\/en\/wp-json\/wp\/v2\/product_tag?post=4711"}],"curies":[{"name":"wp","href":"https:\/\/api.w.org\/{rel}","templated":true}]}}