{"id":4715,"date":"2022-02-21T12:56:03","date_gmt":"2022-02-21T12:56:03","guid":{"rendered":"https:\/\/becreative.ee\/?post_type=product&#038;p=4715"},"modified":"2025-03-07T17:13:26","modified_gmt":"2025-03-07T17:13:26","slug":"mesilasvaha-graanulid","status":"publish","type":"product","link":"https:\/\/becreative.ee\/en\/product\/mesilasvaha-graanulid\/","title":{"rendered":"Mesilasvaha graanulid"},"content":{"rendered":"<p>Need 100% mesilasvahast graanulid on m\u00f5eldud nakkeriide valmistamiseks, mis on hea alternatiiv toidukilele. T\u00e4nu helekollasele v\u00e4rvusele ei muuda t\u00f6\u00f6deltavat kangast kolaseks. Pakendi kaal 200g. 100% looduslik toode.<\/p>","protected":false},"excerpt":{"rendered":"<p>Need 100% mesilasvahast graanulid on m\u00f5eldud nakkeriide valmistamiseks, mis on hea alternatiiv toidukilele. T\u00e4nu helekollasele v\u00e4rvusele ei muuda t\u00f6\u00f6deltavat kangast kolaseks. Pakendi kaal 200g. 100% looduslik toode.<\/p>","protected":false},"featured_media":4735,"template":"","meta":[],"product_brand":[],"product_cat":[263,1005,1051,1060],"product_tag":[],"class_list":{"0":"post-4715","1":"product","2":"type-product","3":"status-publish","4":"has-post-thumbnail","6":"product_cat-brandid","7":"product_cat-kuunalde-valmistamine","8":"product_cat-rayher","9":"product_cat-vahad","11":"first","12":"instock","13":"sale","14":"taxable","15":"shipping-taxable","16":"purchasable","17":"product-type-simple"},"jetpack_sharing_enabled":true,"_links":{"self":[{"href":"https:\/\/becreative.ee\/en\/wp-json\/wp\/v2\/product\/4715","targetHints":{"allow":["GET"]}}],"collection":[{"href":"https:\/\/becreative.ee\/en\/wp-json\/wp\/v2\/product"}],"about":[{"href":"https:\/\/becreative.ee\/en\/wp-json\/wp\/v2\/types\/product"}],"version-history":[{"count":2,"href":"https:\/\/becreative.ee\/en\/wp-json\/wp\/v2\/product\/4715\/revisions"}],"predecessor-version":[{"id":4832,"href":"https:\/\/becreative.ee\/en\/wp-json\/wp\/v2\/product\/4715\/revisions\/4832"}],"wp:featuredmedia":[{"embeddable":true,"href":"https:\/\/becreative.ee\/en\/wp-json\/wp\/v2\/media\/4735"}],"wp:attachment":[{"href":"https:\/\/becreative.ee\/en\/wp-json\/wp\/v2\/media?parent=4715"}],"wp:term":[{"taxonomy":"product_brand","embeddable":true,"href":"https:\/\/becreative.ee\/en\/wp-json\/wp\/v2\/product_brand?post=4715"},{"taxonomy":"product_cat","embeddable":true,"href":"https:\/\/becreative.ee\/en\/wp-json\/wp\/v2\/product_cat?post=4715"},{"taxonomy":"product_tag","embeddable":true,"href":"https:\/\/becreative.ee\/en\/wp-json\/wp\/v2\/product_tag?post=4715"}],"curies":[{"name":"wp","href":"https:\/\/api.w.org\/{rel}","templated":true}]}}