{"id":4720,"date":"2022-02-21T12:53:53","date_gmt":"2022-02-21T12:53:53","guid":{"rendered":"https:\/\/becreative.ee\/?post_type=product&#038;p=4720"},"modified":"2024-08-26T07:14:08","modified_gmt":"2024-08-26T07:14:08","slug":"3d-kleepuvad-tapid","status":"publish","type":"product","link":"https:\/\/becreative.ee\/en\/product\/3d-kleepuvad-tapid\/","title":{"rendered":"3D kleepuvad t\u00e4pid"},"content":{"rendered":"<p>Tehes erinevaid projekte paberiga on soov t\u00f5sta m\u00f5ned detailid tasapinnast k\u00f5rgemale. Just selleks on tarvis 3D iseliimuvaid t\u00e4ppe. T\u00e4ppide diameeter on 3mm, mis t\u00e4henab seda, et neid on v\u00f5imalik kleepida eriti peenete osade taha. T\u00e4pi paksus on 1,5mm. Pakendis on kaks lehte, kummagil lehel 272 t\u00e4ppi.<\/p>","protected":false},"excerpt":{"rendered":"<p>Tehes erinevaid projekte paberiga on soov t\u00f5sta m\u00f5ned detailid tasapinnast k\u00f5rgemale. Just selleks on tarvis 3D iseliimuvaid t\u00e4ppe. T\u00e4ppide diameeter on 3mm, mis t\u00e4henab seda, et neid on v\u00f5imalik kleepida eriti peenete osade taha. T\u00e4pi paksus on 1,5mm. Pakendis on kaks lehte, kummagil lehel 272 t\u00e4ppi.<\/p>","protected":false},"featured_media":4737,"template":"","meta":[],"product_brand":[],"product_cat":[263,1066,1051,1014],"product_tag":[],"class_list":{"0":"post-4720","1":"product","2":"type-product","3":"status-publish","4":"has-post-thumbnail","6":"product_cat-brandid","7":"product_cat-liimid-teibid","8":"product_cat-rayher","9":"product_cat-tood-paberiga","11":"first","12":"instock","13":"taxable","14":"shipping-taxable","15":"purchasable","16":"product-type-simple"},"jetpack_sharing_enabled":true,"_links":{"self":[{"href":"https:\/\/becreative.ee\/en\/wp-json\/wp\/v2\/product\/4720","targetHints":{"allow":["GET"]}}],"collection":[{"href":"https:\/\/becreative.ee\/en\/wp-json\/wp\/v2\/product"}],"about":[{"href":"https:\/\/becreative.ee\/en\/wp-json\/wp\/v2\/types\/product"}],"version-history":[{"count":1,"href":"https:\/\/becreative.ee\/en\/wp-json\/wp\/v2\/product\/4720\/revisions"}],"predecessor-version":[{"id":4722,"href":"https:\/\/becreative.ee\/en\/wp-json\/wp\/v2\/product\/4720\/revisions\/4722"}],"wp:featuredmedia":[{"embeddable":true,"href":"https:\/\/becreative.ee\/en\/wp-json\/wp\/v2\/media\/4737"}],"wp:attachment":[{"href":"https:\/\/becreative.ee\/en\/wp-json\/wp\/v2\/media?parent=4720"}],"wp:term":[{"taxonomy":"product_brand","embeddable":true,"href":"https:\/\/becreative.ee\/en\/wp-json\/wp\/v2\/product_brand?post=4720"},{"taxonomy":"product_cat","embeddable":true,"href":"https:\/\/becreative.ee\/en\/wp-json\/wp\/v2\/product_cat?post=4720"},{"taxonomy":"product_tag","embeddable":true,"href":"https:\/\/becreative.ee\/en\/wp-json\/wp\/v2\/product_tag?post=4720"}],"curies":[{"name":"wp","href":"https:\/\/api.w.org\/{rel}","templated":true}]}}